{"id":10422,"date":"2022-07-19T11:20:15","date_gmt":"2022-07-19T11:20:15","guid":{"rendered":"https:\/\/www.atlanticaagricola.com\/rd-506-2013-fertilizantes\/"},"modified":"2026-01-28T13:36:44","modified_gmt":"2026-01-28T12:36:44","slug":"rd-506-2013-fertilizantes","status":"publish","type":"page","link":"https:\/\/www.atlanticaagricola.com\/it\/rd-506-2013-fertilizantes\/","title":{"rendered":"RD 506\/2013 Fertilizzanti"},"content":{"rendered":"<h1>RD 506\/2013 Fertilizzanti<\/h1>\n<p><img fetchpriority=\"high\" decoding=\"async\" class=\"wp-image-6579 aligncenter\" src=\"https:\/\/www.atlanticaagricola.com\/wp-content\/uploads\/iso-9001-web-01-1-300x181.jpg\" alt=\"\" width=\"993\" height=\"599\" srcset=\"https:\/\/www.atlanticaagricola.com\/wp-content\/uploads\/iso-9001-web-01-1-300x181.jpg 300w, https:\/\/www.atlanticaagricola.com\/wp-content\/uploads\/iso-9001-web-01-1-1024x617.jpg 1024w, https:\/\/www.atlanticaagricola.com\/wp-content\/uploads\/iso-9001-web-01-1-768x463.jpg 768w, https:\/\/www.atlanticaagricola.com\/wp-content\/uploads\/iso-9001-web-01-1-1536x926.jpg 1536w, https:\/\/www.atlanticaagricola.com\/wp-content\/uploads\/iso-9001-web-01-1-2048x1234.jpg 2048w, https:\/\/www.atlanticaagricola.com\/wp-content\/uploads\/iso-9001-web-01-1-2000x1205.jpg 2000w\" sizes=\"(max-width: 993px) 100vw, 993px\" \/><\/p>\n<p>&nbsp;<\/p>\n<p>Il Sistema di Gestione di Atl\u00e1ntica Agr\u00edcola \u00e8 certificato in conformit\u00e0 ai requisiti del Real Decreto 506\/2013. L\u2019ambito di applicazione di questa certificazione riguarda la produzione di fertilizzanti dei Gruppi 1, 2, 3 e 4, secondo l\u2019Allegato I del RD 506\/2013. Questo Real Decreto ci impone di avere un sistema interno di controllo della qualit\u00e0.<\/p>\n<p>Atl\u00e1ntica Agr\u00edcola, S.A., in qualit\u00e0 di produttore di fertilizzanti, deve rispettare una serie di requisiti. Tra questi, si evidenziano i seguenti aspetti:<\/p>\n<ul>\n<li>Una persona qualificata, responsabile del controllo qualit\u00e0.<\/li>\n<li>Un laboratorio per i controlli analitici.<\/li>\n<li>Un piano di controllo qualit\u00e0 che preveda procedure, periodicit\u00e0 e frequenza di prelievo dei campioni e delle analisi, sia degli ingredienti sia del prodotto finale.<\/li>\n<\/ul>\n<p>Inoltre, \u00e8 importante implementare un sistema di tracciabilit\u00e0, poich\u00e9 rappresenta un meccanismo fondamentale di monitoraggio. In questo modo, ogni materia prima e prodotto finale \u00e8 identificato. Grazie a questo processo, possiamo conoscere l\u2019origine e la destinazione di ciascuno dei nostri prodotti, oltre ai diversi lotti di materie prime di cui sono composti.<\/p>\n<p>Pertanto, grazie al nostro sistema di tracciabilit\u00e0 implementato, possiamo identificare il percorso dei prodotti:<\/p>\n<ul>\n<li>Origine dei componenti.<\/li>\n<li>Processi applicati al prodotto.<\/li>\n<li>Distribuzione e localizzazione dopo la consegna.\n<p><\/li>\n<\/ul>\n","protected":false},"excerpt":{"rendered":"<p>RD 506\/2013 Fertilizzanti &nbsp; Il Sistema di Gestione di Atl\u00e1ntica Agr\u00edcola \u00e8 certificato in conformit\u00e0 ai requisiti del Real Decreto 506\/2013. L\u2019ambito di applicazione di questa certificazione riguarda la produzione di fertilizzanti dei Gruppi 1, 2, 3 e 4, secondo l\u2019Allegato I del RD 506\/2013. Questo Real Decreto ci impone di avere un sistema interno [&hellip;]<\/p>\n","protected":false},"author":4,"featured_media":0,"parent":0,"menu_order":0,"comment_status":"closed","ping_status":"closed","template":"politica_privacidad.php","meta":{"_acf_changed":false,"inline_featured_image":false,"footnotes":""},"class_list":["post-10422","page","type-page","status-publish","hentry"],"acf":[],"yoast_head":"<!-- This site is optimized with the Yoast SEO plugin v26.6 - https:\/\/yoast.com\/wordpress\/plugins\/seo\/ -->\n<title>RD 506\/2013 Fertilizzanti - Atlantica<\/title>\n<meta name=\"robots\" content=\"noindex, nofollow\" \/>\n<meta property=\"og:locale\" content=\"it_IT\" \/>\n<meta property=\"og:type\" content=\"article\" \/>\n<meta property=\"og:title\" content=\"RD 506\/2013 Fertilizzanti - Atlantica\" \/>\n<meta property=\"og:description\" content=\"RD 506\/2013 Fertilizzanti &nbsp; Il Sistema di Gestione di Atl\u00e1ntica Agr\u00edcola \u00e8 certificato in conformit\u00e0 ai requisiti del Real Decreto 506\/2013. L\u2019ambito di applicazione di questa certificazione riguarda la produzione di fertilizzanti dei Gruppi 1, 2, 3 e 4, secondo l\u2019Allegato I del RD 506\/2013. Questo Real Decreto ci impone di avere un sistema interno [&hellip;]\" \/>\n<meta property=\"og:url\" content=\"https:\/\/www.atlanticaagricola.com\/it\/rd-506-2013-fertilizantes\/\" \/>\n<meta property=\"og:site_name\" content=\"Atlantica\" \/>\n<meta property=\"article:publisher\" content=\"https:\/\/www.facebook.com\/atlanticaagricolaoficial\" \/>\n<meta property=\"article:modified_time\" content=\"2026-01-28T12:36:44+00:00\" \/>\n<meta property=\"og:image\" content=\"https:\/\/www.atlanticaagricola.com\/wp-content\/uploads\/iso-9001-web-01-1-scaled.jpg\" \/>\n\t<meta property=\"og:image:width\" content=\"2560\" \/>\n\t<meta property=\"og:image:height\" content=\"1543\" \/>\n\t<meta property=\"og:image:type\" content=\"image\/jpeg\" \/>\n<meta name=\"twitter:card\" content=\"summary_large_image\" \/>\n<meta name=\"twitter:site\" content=\"@atlanticaagri\" \/>\n<meta name=\"twitter:label1\" content=\"Tempo di lettura stimato\" \/>\n\t<meta name=\"twitter:data1\" content=\"2 minuti\" \/>\n<script type=\"application\/ld+json\" class=\"yoast-schema-graph\">{\"@context\":\"https:\/\/schema.org\",\"@graph\":[{\"@type\":\"WebPage\",\"@id\":\"https:\/\/www.atlanticaagricola.com\/it\/rd-506-2013-fertilizantes\/\",\"url\":\"https:\/\/www.atlanticaagricola.com\/it\/rd-506-2013-fertilizantes\/\",\"name\":\"RD 506\/2013 Fertilizzanti - Atlantica\",\"isPartOf\":{\"@id\":\"https:\/\/www.atlanticaagricola.com\/it\/#website\"},\"primaryImageOfPage\":{\"@id\":\"https:\/\/www.atlanticaagricola.com\/it\/rd-506-2013-fertilizantes\/#primaryimage\"},\"image\":{\"@id\":\"https:\/\/www.atlanticaagricola.com\/it\/rd-506-2013-fertilizantes\/#primaryimage\"},\"thumbnailUrl\":\"https:\/\/www.atlanticaagricola.com\/wp-content\/uploads\/iso-9001-web-01-1-300x181.jpg\",\"datePublished\":\"2022-07-19T11:20:15+00:00\",\"dateModified\":\"2026-01-28T12:36:44+00:00\",\"breadcrumb\":{\"@id\":\"https:\/\/www.atlanticaagricola.com\/it\/rd-506-2013-fertilizantes\/#breadcrumb\"},\"inLanguage\":\"it-IT\",\"potentialAction\":[{\"@type\":\"ReadAction\",\"target\":[\"https:\/\/www.atlanticaagricola.com\/it\/rd-506-2013-fertilizantes\/\"]}]},{\"@type\":\"ImageObject\",\"inLanguage\":\"it-IT\",\"@id\":\"https:\/\/www.atlanticaagricola.com\/it\/rd-506-2013-fertilizantes\/#primaryimage\",\"url\":\"https:\/\/www.atlanticaagricola.com\/wp-content\/uploads\/iso-9001-web-01-1-300x181.jpg\",\"contentUrl\":\"https:\/\/www.atlanticaagricola.com\/wp-content\/uploads\/iso-9001-web-01-1-300x181.jpg\"},{\"@type\":\"BreadcrumbList\",\"@id\":\"https:\/\/www.atlanticaagricola.com\/it\/rd-506-2013-fertilizantes\/#breadcrumb\",\"itemListElement\":[{\"@type\":\"ListItem\",\"position\":1,\"name\":\"Home\",\"item\":\"https:\/\/www.atlanticaagricola.com\/it\/\"},{\"@type\":\"ListItem\",\"position\":2,\"name\":\"RD 506\/2013 Fertilizzanti\"}]},{\"@type\":\"WebSite\",\"@id\":\"https:\/\/www.atlanticaagricola.com\/it\/#website\",\"url\":\"https:\/\/www.atlanticaagricola.com\/it\/\",\"name\":\"Atlantica\",\"description\":\"Empresa fabricante de productos agr\u00edcolas para grandes explotaciones\",\"alternateName\":\"Atl\u00e1ntica Agr\u00edcola\",\"potentialAction\":[{\"@type\":\"SearchAction\",\"target\":{\"@type\":\"EntryPoint\",\"urlTemplate\":\"https:\/\/www.atlanticaagricola.com\/it\/?s={search_term_string}\"},\"query-input\":{\"@type\":\"PropertyValueSpecification\",\"valueRequired\":true,\"valueName\":\"search_term_string\"}}],\"inLanguage\":\"it-IT\"}]}<\/script>\n<!-- \/ Yoast SEO plugin. -->","yoast_head_json":{"title":"RD 506\/2013 Fertilizzanti - Atlantica","robots":{"index":"noindex","follow":"nofollow"},"og_locale":"it_IT","og_type":"article","og_title":"RD 506\/2013 Fertilizzanti - Atlantica","og_description":"RD 506\/2013 Fertilizzanti &nbsp; Il Sistema di Gestione di Atl\u00e1ntica Agr\u00edcola \u00e8 certificato in conformit\u00e0 ai requisiti del Real Decreto 506\/2013. L\u2019ambito di applicazione di questa certificazione riguarda la produzione di fertilizzanti dei Gruppi 1, 2, 3 e 4, secondo l\u2019Allegato I del RD 506\/2013. Questo Real Decreto ci impone di avere un sistema interno [&hellip;]","og_url":"https:\/\/www.atlanticaagricola.com\/it\/rd-506-2013-fertilizantes\/","og_site_name":"Atlantica","article_publisher":"https:\/\/www.facebook.com\/atlanticaagricolaoficial","article_modified_time":"2026-01-28T12:36:44+00:00","og_image":[{"width":2560,"height":1543,"url":"https:\/\/www.atlanticaagricola.com\/wp-content\/uploads\/iso-9001-web-01-1-scaled.jpg","type":"image\/jpeg"}],"twitter_card":"summary_large_image","twitter_site":"@atlanticaagri","twitter_misc":{"Tempo di lettura stimato":"2 minuti"},"schema":{"@context":"https:\/\/schema.org","@graph":[{"@type":"WebPage","@id":"https:\/\/www.atlanticaagricola.com\/it\/rd-506-2013-fertilizantes\/","url":"https:\/\/www.atlanticaagricola.com\/it\/rd-506-2013-fertilizantes\/","name":"RD 506\/2013 Fertilizzanti - Atlantica","isPartOf":{"@id":"https:\/\/www.atlanticaagricola.com\/it\/#website"},"primaryImageOfPage":{"@id":"https:\/\/www.atlanticaagricola.com\/it\/rd-506-2013-fertilizantes\/#primaryimage"},"image":{"@id":"https:\/\/www.atlanticaagricola.com\/it\/rd-506-2013-fertilizantes\/#primaryimage"},"thumbnailUrl":"https:\/\/www.atlanticaagricola.com\/wp-content\/uploads\/iso-9001-web-01-1-300x181.jpg","datePublished":"2022-07-19T11:20:15+00:00","dateModified":"2026-01-28T12:36:44+00:00","breadcrumb":{"@id":"https:\/\/www.atlanticaagricola.com\/it\/rd-506-2013-fertilizantes\/#breadcrumb"},"inLanguage":"it-IT","potentialAction":[{"@type":"ReadAction","target":["https:\/\/www.atlanticaagricola.com\/it\/rd-506-2013-fertilizantes\/"]}]},{"@type":"ImageObject","inLanguage":"it-IT","@id":"https:\/\/www.atlanticaagricola.com\/it\/rd-506-2013-fertilizantes\/#primaryimage","url":"https:\/\/www.atlanticaagricola.com\/wp-content\/uploads\/iso-9001-web-01-1-300x181.jpg","contentUrl":"https:\/\/www.atlanticaagricola.com\/wp-content\/uploads\/iso-9001-web-01-1-300x181.jpg"},{"@type":"BreadcrumbList","@id":"https:\/\/www.atlanticaagricola.com\/it\/rd-506-2013-fertilizantes\/#breadcrumb","itemListElement":[{"@type":"ListItem","position":1,"name":"Home","item":"https:\/\/www.atlanticaagricola.com\/it\/"},{"@type":"ListItem","position":2,"name":"RD 506\/2013 Fertilizzanti"}]},{"@type":"WebSite","@id":"https:\/\/www.atlanticaagricola.com\/it\/#website","url":"https:\/\/www.atlanticaagricola.com\/it\/","name":"Atlantica","description":"Empresa fabricante de productos agr\u00edcolas para grandes explotaciones","alternateName":"Atl\u00e1ntica Agr\u00edcola","potentialAction":[{"@type":"SearchAction","target":{"@type":"EntryPoint","urlTemplate":"https:\/\/www.atlanticaagricola.com\/it\/?s={search_term_string}"},"query-input":{"@type":"PropertyValueSpecification","valueRequired":true,"valueName":"search_term_string"}}],"inLanguage":"it-IT"}]}},"_links":{"self":[{"href":"https:\/\/www.atlanticaagricola.com\/it\/wp-json\/wp\/v2\/pages\/10422","targetHints":{"allow":["GET"]}}],"collection":[{"href":"https:\/\/www.atlanticaagricola.com\/it\/wp-json\/wp\/v2\/pages"}],"about":[{"href":"https:\/\/www.atlanticaagricola.com\/it\/wp-json\/wp\/v2\/types\/page"}],"author":[{"embeddable":true,"href":"https:\/\/www.atlanticaagricola.com\/it\/wp-json\/wp\/v2\/users\/4"}],"replies":[{"embeddable":true,"href":"https:\/\/www.atlanticaagricola.com\/it\/wp-json\/wp\/v2\/comments?post=10422"}],"version-history":[{"count":1,"href":"https:\/\/www.atlanticaagricola.com\/it\/wp-json\/wp\/v2\/pages\/10422\/revisions"}],"predecessor-version":[{"id":10426,"href":"https:\/\/www.atlanticaagricola.com\/it\/wp-json\/wp\/v2\/pages\/10422\/revisions\/10426"}],"wp:attachment":[{"href":"https:\/\/www.atlanticaagricola.com\/it\/wp-json\/wp\/v2\/media?parent=10422"}],"curies":[{"name":"wp","href":"https:\/\/api.w.org\/{rel}","templated":true}]}}