{"id":10420,"date":"2022-06-29T11:33:25","date_gmt":"2022-06-29T11:33:25","guid":{"rendered":"https:\/\/www.atlanticaagricola.com\/politica-de-privacidad\/"},"modified":"2026-03-04T09:29:10","modified_gmt":"2026-03-04T08:29:10","slug":"politica-de-privacidad","status":"publish","type":"page","link":"https:\/\/www.atlanticaagricola.com\/it\/politica-de-privacidad\/","title":{"rendered":"Informativa sulla privacy"},"content":{"rendered":"<header class=\"breadcrumber\">\n<h1>Informativa sulla privacy<\/h1>\n<p>&nbsp;<\/p>\n<h2>RESPONSABILE<\/h2>\n<\/header>\n<p>ATLANTICA AGRICOLA, S.A. &#8211; NIF A78135282<\/p>\n<p>&nbsp;<\/p>\n<h2>CONTATTO<\/h2>\n<p>C\/Corredera, 33 Entlo. &#8211; Villena (Alicante), Espa\u00f1a <\/p>\n<p>&nbsp;<\/p>\n<p><u>protecciondedatos<\/u><a href=\"mailto:info@atlanticaagricola.com\">@atlanticaagricola.com<\/a><\/p>\n<p>Tel.965800358<\/p>\n<p><a href=\"https:\/\/www.atlanticaagricola.com\/it\/\">https:\/\/www.atlanticaagricola.com<\/a><\/p>\n<p>&nbsp;<\/p>\n<h2>FINALIT\u00c0<\/h2>\n<p><strong>GESTIONE DEI CONTATTI DEL MODULO:<\/strong> gestione e contatto con gli utenti. Risposta alle richieste di informazioni tramite il modulo web.<\/p>\n<p> <\/p>\n<p>&nbsp;<\/p>\n<p><strong>VIDEOSORVEGLIANZA:<\/strong> garantire la sicurezza delle persone, dei beni e delle strutture.<\/p>\n<p>&nbsp;<\/p>\n<p>MESSAGGISTICA ISTANTANEA: comunicazioni commerciali.<\/p>\n<p>&nbsp;<\/p>\n<p>GESTIONE DELLE VISITE: gestione e controllo delle visite al personale dell\u2019azienda. Garantire la sicurezza di persone, beni e strutture.<\/p>\n<p> <\/p>\n<p>&nbsp;<\/p>\n<p><strong>NEWSLETTER:<\/strong> Gestione della sottoscrizione alla nostra Newsletter.<\/p>\n<p>&nbsp;<\/p>\n<h2>LEGITTIMAZIONE<\/h2>\n<p><strong>MODULO DI GESTIONE DEI CONTATTI<\/strong>: consenso esplicito dell&#8217;interessato.<\/p>\n<p>&nbsp;<\/p>\n<p><strong>VIDEO SORVEGLIANZA<\/strong>: adempimento di una missione di interesse pubblico.<\/p>\n<p>&nbsp;<\/p>\n<p><strong>MESSAGGIAMENTO ISTANTANEO<\/strong>: consenso esplicito dell&#8217;interessato.<\/p>\n<p>&nbsp;<\/p>\n<p><strong>GESTIONE DEI VISITATORI<\/strong>: interesse legittimo del Titolare del trattamento o di terzi.<\/p>\n<p>&nbsp;<\/p>\n<p><strong>NEWSLETTER:<\/strong> consenso esplicito dell&#8217;interessato.<\/p>\n<p>&nbsp;<\/p>\n<h2>PROVENIENZA<\/h2>\n<p><strong>MODULO WEB PER LA GESTIONE DEI CONTATTI<\/strong>: L&#8217;interessato o il suo rappresentante legale.<\/p>\n<p>&nbsp;<\/p>\n<p><strong>VIDEO SORVEGLIANZA<\/strong>: L&#8217;interessato stesso o il suo rappresentante legale.<\/p>\n<p>&nbsp;<\/p>\n<p><strong>MESSAGGIO IMMEDIATO<\/strong>: L&#8217;interessato o il suo rappresentante legale.<\/p>\n<p>&nbsp;<\/p>\n<p><strong>GESTIONE DELLA VISITA: <\/strong>L&#8217;interessato o il suo rappresentante legale.<\/p>\n<p>&nbsp;<\/p>\n<p><strong>NEWSLETTER:<\/strong> L&#8217;interessato stesso o il suo rappresentante legale.<\/p>\n<p>&nbsp;<\/p>\n<h2>TIPI DI DATI TRATTATI<\/h2>\n<p><strong>MODULO WEB PER I CONTATTI<\/strong><\/p>\n<p>Nome e cognome<\/p>\n<p>Indirizzo e-mail<\/p>\n<p>Telefono<\/p>\n<p><strong> <\/strong><\/p>\n<p><strong>VIDEOSORVEGLIANZA<\/strong><\/p>\n<p>Immagine<\/p>\n<p><strong> <\/strong><\/p>\n<p><strong>MESSAGGISTICA ISTANTANEA<\/strong><\/p>\n<p>Nome e cognome<\/p>\n<p>Telefono<\/p>\n<p><strong> <\/strong><\/p>\n<p><strong>GESTIONE DEI VISITATORI<\/strong><\/p>\n<p>Nome e cognome<\/p>\n<p>NIF \/ NIE \/ Passaporto<\/p>\n<p>Firma autografa<\/p>\n<p>&nbsp;<\/p>\n<p><strong>NEWSLETTER<\/strong><\/p>\n<p>Nome e cognome<\/p>\n<p>Indirizzo e-mail<\/p>\n<p>Telefono<\/p>\n<p>&nbsp;<\/p>\n<h2><strong>VITA DA SCAFFALE<\/strong><\/h2>\n<p><strong>GESTIONE DEL CONTATTO FORMATIVO<\/strong>: i dati saranno conservati per tutto il tempo in cui verr\u00e0 mantenuto il rapporto commerciale.<\/p>\n<p>&nbsp;<\/p>\n<p><strong>VIDEO SORVEGLIANZA<\/strong>: le immagini saranno conservate per un periodo massimo di un mese, a meno che non vengano comunicate a Forze e Organi di Sicurezza e\/o a Tribunali e Corti.<\/p>\n<p>&nbsp;<\/p>\n<p><strong>MESSAGGERIA ISTANTANEA<\/strong>: i dati saranno conservati finch\u00e9 l&#8217;interessato non ne richieder\u00e0 la cancellazione.<\/p>\n<p>&nbsp;<\/p>\n<p><strong>GESTIONE DELLE VISITE: <\/strong>I dati saranno conservati per un periodo massimo di un anno, ad eccezione della comunicazione a Forze ed Enti di Sicurezza, e\/o a Tribunali e Corti.<\/p>\n<p>&nbsp;<\/p>\n<p><strong>NEWSLETTER: <\/strong>i dati saranno conservati fino a quando l&#8217;interessato non ne richieder\u00e0 la cancellazione.<\/p>\n<p>&nbsp;<\/p>\n<h2>OBIETTIVO<\/h2>\n<p>I dati non saranno trasmessi a terzi, a meno che non siano obbligati per legge.<\/p>\n<p>&nbsp;<\/p>\n<h2>TRASFERIMENTI INTERNAZIONALI<\/h2>\n<p>Non ci sono trasferimenti internazionali di dati.<\/p>\n<p>&nbsp;<\/p>\n<h2>MISURE DI SICUREZZA<\/h2>\n<p>La nostra entit\u00e0 o il nostro gruppo aziendale adotta le misure organizzative e tecniche necessarie per garantire la sicurezza e la privacy dei tuoi dati, evitandone l&#8217;alterazione, la perdita, il trattamento o l&#8217;accesso non autorizzato, a seconda dello stato della tecnologia, della natura dei dati memorizzati e dei rischi a cui sono esposti.<\/p>\n<p>&nbsp;<\/p>\n<p>Tra le altre, spiccano le seguenti misure:<\/p>\n<ul>\n<li>Garantire la riservatezza, l&#8217;integrit\u00e0, la disponibilit\u00e0 e la resilienza dei sistemi e dei servizi di elaborazione.<\/li>\n<li>Ripristinare rapidamente la disponibilit\u00e0 e l&#8217;accesso ai dati personali in caso di incidente fisico o tecnico.<\/li>\n<li>Verificare, valutare e valutare regolarmente l&#8217;efficacia delle misure tecniche e organizzative implementate per garantire la sicurezza del trattamento.<\/li>\n<\/ul>\n<p>&nbsp;<\/p>\n<h2>DIRITTI DELLE PARTI INTERESSATE<\/h2>\n<p>L&#8217;interessato pu\u00f2 esercitare i diritti di accesso, rettifica, cancellazione, portabilit\u00e0, limitazione, opposizione e il diritto di non essere sottoposto a decisioni individuali automatizzate.<\/p>\n<p>&nbsp;<\/p>\n<p>Puoi esercitare i tuoi diritti inviando una richiesta al responsabile del trattamento dei dati a ATLANTICA AGRICOLA, S.A. con le seguenti modalit\u00e0:<\/p>\n<p>&nbsp;<\/p>\n<p>Per posta, inviando una lettera a: C\/Corredera, 33 Entlo. 03400, Villena (Alicante), Spagna.<\/p>\n<p>&nbsp;<\/p>\n<p>Per e-mail: <a href=\"mailto:protecciondedatos@atlanticaagricola.com\">protecciondedatos@atlanticaagricola.com<\/a><\/p>\n<p>&nbsp;<\/p>\n<p>Hai inoltre il diritto di presentare un reclamo all&#8217;Autorit\u00e0 di Vigilanza, i cui recapiti sono riportati di seguito:<\/p>\n<p>&nbsp;<\/p>\n<p>Agenzia spagnola per la protezione dei dati<\/p>\n<p>C\/. Jorge Juan, 6. 28001, Madrid (Madrid), Spagna<\/p>\n<p>info@agpd.es &#8211; Telefono: 912663517<\/p>\n<p>https:\/\/www.agpd.es<\/p>\n<p>&nbsp;<\/p>\n<h2>LEGISLAZIONE APPLICABILE<\/h2>\n<ul>\n<li>Regolamento (UE) 2016\/679 relativo alla protezione delle persone fisiche con riguardo al trattamento dei dati personali e alla libera circolazione di tali dati (GDPR).<\/li>\n<li>Legge organica 3\/2018 sulla protezione dei dati personali e la garanzia dei diritti digitali (LOPDGDD).<\/li>\n<\/ul>\n","protected":false},"excerpt":{"rendered":"<p>Informativa sulla privacy &nbsp; RESPONSABILE ATLANTICA AGRICOLA, S.A. &#8211; NIF A78135282 &nbsp; CONTATTO C\/Corredera, 33 Entlo. &#8211; Villena (Alicante), Espa\u00f1a &nbsp; protecciondedatos@atlanticaagricola.com Tel.965800358 https:\/\/www.atlanticaagricola.com &nbsp; FINALIT\u00c0 GESTIONE DEI CONTATTI DEL MODULO: gestione e contatto con gli utenti. Risposta alle richieste di informazioni tramite il modulo web. &nbsp; VIDEOSORVEGLIANZA: garantire la sicurezza delle persone, dei beni [&hellip;]<\/p>\n","protected":false},"author":4,"featured_media":0,"parent":0,"menu_order":0,"comment_status":"closed","ping_status":"closed","template":"politica_privacidad.php","meta":{"_acf_changed":false,"inline_featured_image":false,"footnotes":""},"class_list":["post-10420","page","type-page","status-publish","hentry"],"acf":[],"yoast_head":"<!-- This site is optimized with the Yoast SEO plugin v26.6 - https:\/\/yoast.com\/wordpress\/plugins\/seo\/ -->\n<title>Informativa sulla privacy - Atlantica<\/title>\n<meta name=\"robots\" content=\"noindex, nofollow\" \/>\n<meta property=\"og:locale\" content=\"it_IT\" \/>\n<meta property=\"og:type\" content=\"article\" \/>\n<meta property=\"og:title\" content=\"Informativa sulla privacy - Atlantica\" \/>\n<meta property=\"og:description\" content=\"Informativa sulla privacy &nbsp; RESPONSABILE ATLANTICA AGRICOLA, S.A. &#8211; NIF A78135282 &nbsp; CONTATTO C\/Corredera, 33 Entlo. &#8211; Villena (Alicante), Espa\u00f1a &nbsp; protecciondedatos@atlanticaagricola.com Tel.965800358 https:\/\/www.atlanticaagricola.com &nbsp; FINALIT\u00c0 GESTIONE DEI CONTATTI DEL MODULO: gestione e contatto con gli utenti. Risposta alle richieste di informazioni tramite il modulo web. &nbsp; VIDEOSORVEGLIANZA: garantire la sicurezza delle persone, dei beni [&hellip;]\" \/>\n<meta property=\"og:url\" content=\"https:\/\/www.atlanticaagricola.com\/it\/politica-de-privacidad\/\" \/>\n<meta property=\"og:site_name\" content=\"Atlantica\" \/>\n<meta property=\"article:publisher\" content=\"https:\/\/www.facebook.com\/atlanticaagricolaoficial\" \/>\n<meta property=\"article:modified_time\" content=\"2026-03-04T08:29:10+00:00\" \/>\n<meta property=\"og:image\" content=\"https:\/\/www.atlanticaagricola.com\/wp-content\/uploads\/logo-grupo-atlantica-575-1.jpg\" \/>\n\t<meta property=\"og:image:width\" content=\"774\" \/>\n\t<meta property=\"og:image:height\" content=\"373\" \/>\n\t<meta property=\"og:image:type\" content=\"image\/jpeg\" \/>\n<meta name=\"twitter:card\" content=\"summary_large_image\" \/>\n<meta name=\"twitter:site\" content=\"@atlanticaagri\" \/>\n<meta name=\"twitter:label1\" content=\"Tempo di lettura stimato\" \/>\n\t<meta name=\"twitter:data1\" content=\"3 minuti\" \/>\n<script type=\"application\/ld+json\" class=\"yoast-schema-graph\">{\"@context\":\"https:\/\/schema.org\",\"@graph\":[{\"@type\":\"WebPage\",\"@id\":\"https:\/\/www.atlanticaagricola.com\/it\/politica-de-privacidad\/\",\"url\":\"https:\/\/www.atlanticaagricola.com\/it\/politica-de-privacidad\/\",\"name\":\"Informativa sulla privacy - Atlantica\",\"isPartOf\":{\"@id\":\"https:\/\/www.atlanticaagricola.com\/it\/#website\"},\"datePublished\":\"2022-06-29T11:33:25+00:00\",\"dateModified\":\"2026-03-04T08:29:10+00:00\",\"breadcrumb\":{\"@id\":\"https:\/\/www.atlanticaagricola.com\/it\/politica-de-privacidad\/#breadcrumb\"},\"inLanguage\":\"it-IT\",\"potentialAction\":[{\"@type\":\"ReadAction\",\"target\":[\"https:\/\/www.atlanticaagricola.com\/it\/politica-de-privacidad\/\"]}]},{\"@type\":\"BreadcrumbList\",\"@id\":\"https:\/\/www.atlanticaagricola.com\/it\/politica-de-privacidad\/#breadcrumb\",\"itemListElement\":[{\"@type\":\"ListItem\",\"position\":1,\"name\":\"Home\",\"item\":\"https:\/\/www.atlanticaagricola.com\/it\/\"},{\"@type\":\"ListItem\",\"position\":2,\"name\":\"Informativa sulla privacy\"}]},{\"@type\":\"WebSite\",\"@id\":\"https:\/\/www.atlanticaagricola.com\/it\/#website\",\"url\":\"https:\/\/www.atlanticaagricola.com\/it\/\",\"name\":\"Atlantica\",\"description\":\"Empresa fabricante de productos agr\u00edcolas para grandes explotaciones\",\"alternateName\":\"Atl\u00e1ntica Agr\u00edcola\",\"potentialAction\":[{\"@type\":\"SearchAction\",\"target\":{\"@type\":\"EntryPoint\",\"urlTemplate\":\"https:\/\/www.atlanticaagricola.com\/it\/?s={search_term_string}\"},\"query-input\":{\"@type\":\"PropertyValueSpecification\",\"valueRequired\":true,\"valueName\":\"search_term_string\"}}],\"inLanguage\":\"it-IT\"}]}<\/script>\n<!-- \/ Yoast SEO plugin. -->","yoast_head_json":{"title":"Informativa sulla privacy - Atlantica","robots":{"index":"noindex","follow":"nofollow"},"og_locale":"it_IT","og_type":"article","og_title":"Informativa sulla privacy - Atlantica","og_description":"Informativa sulla privacy &nbsp; RESPONSABILE ATLANTICA AGRICOLA, S.A. &#8211; NIF A78135282 &nbsp; CONTATTO C\/Corredera, 33 Entlo. &#8211; Villena (Alicante), Espa\u00f1a &nbsp; protecciondedatos@atlanticaagricola.com Tel.965800358 https:\/\/www.atlanticaagricola.com &nbsp; FINALIT\u00c0 GESTIONE DEI CONTATTI DEL MODULO: gestione e contatto con gli utenti. Risposta alle richieste di informazioni tramite il modulo web. &nbsp; VIDEOSORVEGLIANZA: garantire la sicurezza delle persone, dei beni [&hellip;]","og_url":"https:\/\/www.atlanticaagricola.com\/it\/politica-de-privacidad\/","og_site_name":"Atlantica","article_publisher":"https:\/\/www.facebook.com\/atlanticaagricolaoficial","article_modified_time":"2026-03-04T08:29:10+00:00","og_image":[{"width":774,"height":373,"url":"https:\/\/www.atlanticaagricola.com\/wp-content\/uploads\/logo-grupo-atlantica-575-1.jpg","type":"image\/jpeg"}],"twitter_card":"summary_large_image","twitter_site":"@atlanticaagri","twitter_misc":{"Tempo di lettura stimato":"3 minuti"},"schema":{"@context":"https:\/\/schema.org","@graph":[{"@type":"WebPage","@id":"https:\/\/www.atlanticaagricola.com\/it\/politica-de-privacidad\/","url":"https:\/\/www.atlanticaagricola.com\/it\/politica-de-privacidad\/","name":"Informativa sulla privacy - Atlantica","isPartOf":{"@id":"https:\/\/www.atlanticaagricola.com\/it\/#website"},"datePublished":"2022-06-29T11:33:25+00:00","dateModified":"2026-03-04T08:29:10+00:00","breadcrumb":{"@id":"https:\/\/www.atlanticaagricola.com\/it\/politica-de-privacidad\/#breadcrumb"},"inLanguage":"it-IT","potentialAction":[{"@type":"ReadAction","target":["https:\/\/www.atlanticaagricola.com\/it\/politica-de-privacidad\/"]}]},{"@type":"BreadcrumbList","@id":"https:\/\/www.atlanticaagricola.com\/it\/politica-de-privacidad\/#breadcrumb","itemListElement":[{"@type":"ListItem","position":1,"name":"Home","item":"https:\/\/www.atlanticaagricola.com\/it\/"},{"@type":"ListItem","position":2,"name":"Informativa sulla privacy"}]},{"@type":"WebSite","@id":"https:\/\/www.atlanticaagricola.com\/it\/#website","url":"https:\/\/www.atlanticaagricola.com\/it\/","name":"Atlantica","description":"Empresa fabricante de productos agr\u00edcolas para grandes explotaciones","alternateName":"Atl\u00e1ntica Agr\u00edcola","potentialAction":[{"@type":"SearchAction","target":{"@type":"EntryPoint","urlTemplate":"https:\/\/www.atlanticaagricola.com\/it\/?s={search_term_string}"},"query-input":{"@type":"PropertyValueSpecification","valueRequired":true,"valueName":"search_term_string"}}],"inLanguage":"it-IT"}]}},"_links":{"self":[{"href":"https:\/\/www.atlanticaagricola.com\/it\/wp-json\/wp\/v2\/pages\/10420","targetHints":{"allow":["GET"]}}],"collection":[{"href":"https:\/\/www.atlanticaagricola.com\/it\/wp-json\/wp\/v2\/pages"}],"about":[{"href":"https:\/\/www.atlanticaagricola.com\/it\/wp-json\/wp\/v2\/types\/page"}],"author":[{"embeddable":true,"href":"https:\/\/www.atlanticaagricola.com\/it\/wp-json\/wp\/v2\/users\/4"}],"replies":[{"embeddable":true,"href":"https:\/\/www.atlanticaagricola.com\/it\/wp-json\/wp\/v2\/comments?post=10420"}],"version-history":[{"count":2,"href":"https:\/\/www.atlanticaagricola.com\/it\/wp-json\/wp\/v2\/pages\/10420\/revisions"}],"predecessor-version":[{"id":11638,"href":"https:\/\/www.atlanticaagricola.com\/it\/wp-json\/wp\/v2\/pages\/10420\/revisions\/11638"}],"wp:attachment":[{"href":"https:\/\/www.atlanticaagricola.com\/it\/wp-json\/wp\/v2\/media?parent=10420"}],"curies":[{"name":"wp","href":"https:\/\/api.w.org\/{rel}","templated":true}]}}