{"id":10413,"date":"2022-06-27T16:58:23","date_gmt":"2022-06-27T14:58:23","guid":{"rendered":"https:\/\/www.atlanticaagricola.com\/personas-y-talento\/"},"modified":"2026-03-04T09:27:43","modified_gmt":"2026-03-04T08:27:43","slug":"persone-e-talento","status":"publish","type":"page","link":"https:\/\/www.atlanticaagricola.com\/it\/persone-e-talento\/","title":{"rendered":"Persone e talento"},"content":{"rendered":"","protected":false},"excerpt":{"rendered":"","protected":false},"author":4,"featured_media":0,"parent":0,"menu_order":0,"comment_status":"closed","ping_status":"closed","template":"","meta":{"_acf_changed":false,"inline_featured_image":false,"footnotes":""},"class_list":["post-10413","page","type-page","status-publish","hentry"],"acf":[],"yoast_head":"<!-- This site is optimized with the Yoast SEO plugin v26.6 - https:\/\/yoast.com\/wordpress\/plugins\/seo\/ -->\n<title>Persone e talento - Atlantica<\/title>\n<meta name=\"robots\" content=\"noindex, nofollow\" \/>\n<meta property=\"og:locale\" content=\"it_IT\" \/>\n<meta property=\"og:type\" content=\"article\" \/>\n<meta property=\"og:title\" content=\"Persone e talento - Atlantica\" \/>\n<meta property=\"og:url\" content=\"https:\/\/www.atlanticaagricola.com\/it\/persone-e-talento\/\" \/>\n<meta property=\"og:site_name\" content=\"Atlantica\" \/>\n<meta property=\"article:publisher\" content=\"https:\/\/www.facebook.com\/atlanticaagricolaoficial\" \/>\n<meta property=\"article:modified_time\" content=\"2026-03-04T08:27:43+00:00\" \/>\n<meta property=\"og:image\" content=\"https:\/\/www.atlanticaagricola.com\/wp-content\/uploads\/logo-grupo-atlantica-575-1.jpg\" \/>\n\t<meta property=\"og:image:width\" content=\"774\" \/>\n\t<meta property=\"og:image:height\" content=\"373\" \/>\n\t<meta property=\"og:image:type\" content=\"image\/jpeg\" \/>\n<meta name=\"twitter:card\" content=\"summary_large_image\" \/>\n<meta name=\"twitter:site\" content=\"@atlanticaagri\" \/>\n<script type=\"application\/ld+json\" class=\"yoast-schema-graph\">{\"@context\":\"https:\/\/schema.org\",\"@graph\":[{\"@type\":\"WebPage\",\"@id\":\"https:\/\/www.atlanticaagricola.com\/it\/persone-e-talento\/\",\"url\":\"https:\/\/www.atlanticaagricola.com\/it\/persone-e-talento\/\",\"name\":\"Persone e talento - Atlantica\",\"isPartOf\":{\"@id\":\"https:\/\/www.atlanticaagricola.com\/it\/#website\"},\"datePublished\":\"2022-06-27T14:58:23+00:00\",\"dateModified\":\"2026-03-04T08:27:43+00:00\",\"breadcrumb\":{\"@id\":\"https:\/\/www.atlanticaagricola.com\/it\/persone-e-talento\/#breadcrumb\"},\"inLanguage\":\"it-IT\",\"potentialAction\":[{\"@type\":\"ReadAction\",\"target\":[\"https:\/\/www.atlanticaagricola.com\/it\/persone-e-talento\/\"]}]},{\"@type\":\"BreadcrumbList\",\"@id\":\"https:\/\/www.atlanticaagricola.com\/it\/persone-e-talento\/#breadcrumb\",\"itemListElement\":[{\"@type\":\"ListItem\",\"position\":1,\"name\":\"Home\",\"item\":\"https:\/\/www.atlanticaagricola.com\/it\/\"},{\"@type\":\"ListItem\",\"position\":2,\"name\":\"Persone e talento\"}]},{\"@type\":\"WebSite\",\"@id\":\"https:\/\/www.atlanticaagricola.com\/it\/#website\",\"url\":\"https:\/\/www.atlanticaagricola.com\/it\/\",\"name\":\"Atlantica\",\"description\":\"Empresa fabricante de productos agr\u00edcolas para grandes explotaciones\",\"alternateName\":\"Atl\u00e1ntica Agr\u00edcola\",\"potentialAction\":[{\"@type\":\"SearchAction\",\"target\":{\"@type\":\"EntryPoint\",\"urlTemplate\":\"https:\/\/www.atlanticaagricola.com\/it\/?s={search_term_string}\"},\"query-input\":{\"@type\":\"PropertyValueSpecification\",\"valueRequired\":true,\"valueName\":\"search_term_string\"}}],\"inLanguage\":\"it-IT\"}]}<\/script>\n<!-- \/ Yoast SEO plugin. -->","yoast_head_json":{"title":"Persone e talento - Atlantica","robots":{"index":"noindex","follow":"nofollow"},"og_locale":"it_IT","og_type":"article","og_title":"Persone e talento - Atlantica","og_url":"https:\/\/www.atlanticaagricola.com\/it\/persone-e-talento\/","og_site_name":"Atlantica","article_publisher":"https:\/\/www.facebook.com\/atlanticaagricolaoficial","article_modified_time":"2026-03-04T08:27:43+00:00","og_image":[{"width":774,"height":373,"url":"https:\/\/www.atlanticaagricola.com\/wp-content\/uploads\/logo-grupo-atlantica-575-1.jpg","type":"image\/jpeg"}],"twitter_card":"summary_large_image","twitter_site":"@atlanticaagri","schema":{"@context":"https:\/\/schema.org","@graph":[{"@type":"WebPage","@id":"https:\/\/www.atlanticaagricola.com\/it\/persone-e-talento\/","url":"https:\/\/www.atlanticaagricola.com\/it\/persone-e-talento\/","name":"Persone e talento - Atlantica","isPartOf":{"@id":"https:\/\/www.atlanticaagricola.com\/it\/#website"},"datePublished":"2022-06-27T14:58:23+00:00","dateModified":"2026-03-04T08:27:43+00:00","breadcrumb":{"@id":"https:\/\/www.atlanticaagricola.com\/it\/persone-e-talento\/#breadcrumb"},"inLanguage":"it-IT","potentialAction":[{"@type":"ReadAction","target":["https:\/\/www.atlanticaagricola.com\/it\/persone-e-talento\/"]}]},{"@type":"BreadcrumbList","@id":"https:\/\/www.atlanticaagricola.com\/it\/persone-e-talento\/#breadcrumb","itemListElement":[{"@type":"ListItem","position":1,"name":"Home","item":"https:\/\/www.atlanticaagricola.com\/it\/"},{"@type":"ListItem","position":2,"name":"Persone e talento"}]},{"@type":"WebSite","@id":"https:\/\/www.atlanticaagricola.com\/it\/#website","url":"https:\/\/www.atlanticaagricola.com\/it\/","name":"Atlantica","description":"Empresa fabricante de productos agr\u00edcolas para grandes explotaciones","alternateName":"Atl\u00e1ntica Agr\u00edcola","potentialAction":[{"@type":"SearchAction","target":{"@type":"EntryPoint","urlTemplate":"https:\/\/www.atlanticaagricola.com\/it\/?s={search_term_string}"},"query-input":{"@type":"PropertyValueSpecification","valueRequired":true,"valueName":"search_term_string"}}],"inLanguage":"it-IT"}]}},"_links":{"self":[{"href":"https:\/\/www.atlanticaagricola.com\/it\/wp-json\/wp\/v2\/pages\/10413","targetHints":{"allow":["GET"]}}],"collection":[{"href":"https:\/\/www.atlanticaagricola.com\/it\/wp-json\/wp\/v2\/pages"}],"about":[{"href":"https:\/\/www.atlanticaagricola.com\/it\/wp-json\/wp\/v2\/types\/page"}],"author":[{"embeddable":true,"href":"https:\/\/www.atlanticaagricola.com\/it\/wp-json\/wp\/v2\/users\/4"}],"replies":[{"embeddable":true,"href":"https:\/\/www.atlanticaagricola.com\/it\/wp-json\/wp\/v2\/comments?post=10413"}],"version-history":[{"count":3,"href":"https:\/\/www.atlanticaagricola.com\/it\/wp-json\/wp\/v2\/pages\/10413\/revisions"}],"predecessor-version":[{"id":11637,"href":"https:\/\/www.atlanticaagricola.com\/it\/wp-json\/wp\/v2\/pages\/10413\/revisions\/11637"}],"wp:attachment":[{"href":"https:\/\/www.atlanticaagricola.com\/it\/wp-json\/wp\/v2\/media?parent=10413"}],"curies":[{"name":"wp","href":"https:\/\/api.w.org\/{rel}","templated":true}]}}