{"id":10409,"date":"2022-07-19T11:03:33","date_gmt":"2022-07-19T09:03:33","guid":{"rendered":"https:\/\/www.atlanticaagricola.com\/iso9001\/"},"modified":"2026-03-03T15:48:52","modified_gmt":"2026-03-03T14:48:52","slug":"iso9001","status":"publish","type":"page","link":"https:\/\/www.atlanticaagricola.com\/it\/iso9001\/","title":{"rendered":"ISO 9001 E 14001"},"content":{"rendered":"<h1>ISO 9001 E 14001<\/h1>\n<p><img fetchpriority=\"high\" decoding=\"async\" class=\"alignnone wp-image-6969\" src=\"https:\/\/www.atlanticaagricola.com\/wp-content\/uploads\/diseno-sin-titulo-2024-06-18t153442-144-300x200.jpg\" alt=\"\" width=\"696\" height=\"464\" srcset=\"https:\/\/www.atlanticaagricola.com\/wp-content\/uploads\/diseno-sin-titulo-2024-06-18t153442-144-300x200.jpg 300w, https:\/\/www.atlanticaagricola.com\/wp-content\/uploads\/diseno-sin-titulo-2024-06-18t153442-144-1024x683.jpg 1024w, https:\/\/www.atlanticaagricola.com\/wp-content\/uploads\/diseno-sin-titulo-2024-06-18t153442-144-768x512.jpg 768w, https:\/\/www.atlanticaagricola.com\/wp-content\/uploads\/diseno-sin-titulo-2024-06-18t153442-144-1536x1024.jpg 1536w, https:\/\/www.atlanticaagricola.com\/wp-content\/uploads\/diseno-sin-titulo-2024-06-18t153442-144-2000x1333.jpg 2000w, https:\/\/www.atlanticaagricola.com\/wp-content\/uploads\/diseno-sin-titulo-2024-06-18t153442-144.jpg 2048w\" sizes=\"(max-width: 696px) 100vw, 696px\" \/><\/p>\n<p>&nbsp;<\/p>\n<p>La Direzione si assume in prima persona la responsabilit\u00e0 della Gestione della Qualit\u00e0 e dell&#8217;Ambiente per la \u201cPROGETTAZIONE, PRODUZIONE E COMMERCIALIZZAZIONE DI PRODOTTI AGRONUTRIENTI\u201d e, al fine di fornire servizi che soddisfino pienamente le esigenze e le aspettative delle parti interessate con la massima efficienza, espone la seguente Politica su cui si basa il Sistema di Gestione Integrato.<\/p>\n<p>Il Sistema di Qualit\u00e0 e Ambiente istituito presso ATLANTICA AGRICOLA, S.A. si basa sul raggiungimento di tre obiettivi fondamentali:<\/p>\n<ul>\n<li>La piena e continua soddisfazione di tutti i requisiti e le esigenze individuati o manifestati dalle parti interessate, ponendo l&#8217;accento sia sulle caratteristiche qualitative del servizio stesso sia sugli elementi e componenti di natura qualitativa che lo accompagnano nella sua fornitura al cliente (assistenza al cliente, contatto e vicinanza allo stesso, comunicazione interna ed esterna, consulenza tecnica, ecc.)<\/li>\n<li>Il miglioramento continuo dei processi e delle attivit\u00e0 interne al fine di ridurre al minimo il costo dell&#8217;attivit\u00e0 svolta, ricercando la redditivit\u00e0 e l&#8217;efficienza in tutti i settori.<\/li>\n<li>La sostenibilit\u00e0. Siamo consapevoli che la sostenibilit\u00e0 \u00e8 fondamentale per la crescita e la prosperit\u00e0, pertanto desideriamo: <\/li>\n<\/ul>\n<p>&nbsp;<\/p>\n<p>o Capire le nostre parti interessate ed essere in grado di soddisfare le loro aspettative e i loro requisiti in materia di uguaglianza, occupazione e sicurezza, tra gli altri.<br \/>o Il cambiamento climatico \u00e8 una delle nostre preoccupazioni, pertanto individuiamo i nostri aspetti ambientali e la loro interazione con l&#8217;ambiente al fine di stabilire meccanismi per prevenire l&#8217;inquinamento e proteggere l&#8217;ambiente.<br \/>o L&#8217;uso dell&#8217;innovazione nei nostri prodotti ci consente di continuare a crescere in nuovi mercati e di consolidarci in quelli attuali con prodotti di qualit\u00e0.<\/p>\n<p>&nbsp;<\/p>\n<p>&nbsp;<\/p>\n<p>Per il raggiungimento di tali obiettivi vengono stabiliti i seguenti principi:<\/p>\n<p>\u2022 L&#8217;identificazione dei rischi e delle opportunit\u00e0 che \u00e8 necessario affrontare e gestire, rispettivamente, per ottenere i risultati previsti, aumentare gli effetti desiderabili e prevenire o ridurre quelli indesiderati, nonch\u00e9 ottenere un miglioramento continuo.<\/p>\n<p>&nbsp;<\/p>\n<p>\u2022 L&#8217;impegno a rispettare i requisiti legali e normativi e altri requisiti applicabili.<\/p>\n<p>&nbsp;<\/p>\n<p>\u2022 La costante dotazione delle risorse tecnologiche e umane necessarie per svolgere la nostra attivit\u00e0 in condizioni di produttivit\u00e0.<\/p>\n<p>&nbsp;<\/p>\n<p>\u2022 L&#8217;adeguata formazione del personale come mezzo per il corretto svolgimento dei compiti assegnati.<\/p>\n<p>&nbsp;<\/p>\n<p>\u2022 Migliorare continuamente le prestazioni ambientali dell&#8217;azienda, la prevenzione dell&#8217;inquinamento e la protezione dell&#8217;ambiente.<\/p>\n<p>&nbsp;<\/p>\n<p>\u2022 Il rigoroso rispetto dei requisiti specificati dal cliente nella fornitura dei nostri servizi.<\/p>\n<p>&nbsp;<\/p>\n<p>\u2022 La partecipazione attiva di tutto il personale, sia individualmente che in team, alla ricerca del miglioramento continuo della qualit\u00e0 e del Sistema su cui si basa.<\/p>\n<p>&nbsp;<\/p>\n<p>\u2022 La gestione dei reclami e delle lamentele delle parti interessate e dei difetti e dei difetti di qualit\u00e0, come opportunit\u00e0 di miglioramento dei nostri processi alla ricerca dell&#8217;aumento della qualit\u00e0 fornita e della riduzione dei costi della non qualit\u00e0, il tutto basato sulla filosofia della prevenzione degli errori.<\/p>\n<p>&nbsp;<\/p>\n<p>Questa politica e i principi su cui si basa sono orientati al raggiungimento degli OBIETTIVI\/INDICATORI che vengono stabiliti ogni anno dalla Direzione.<\/p>\n<p><\/p>\n<p>&nbsp;<\/p>\n<p>&nbsp;<\/p>\n<p>&nbsp;<\/p>\n<p>&nbsp;<\/p>\n","protected":false},"excerpt":{"rendered":"<p>ISO 9001 E 14001 &nbsp; La Direzione si assume in prima persona la responsabilit\u00e0 della Gestione della Qualit\u00e0 e dell&#8217;Ambiente per la \u201cPROGETTAZIONE, PRODUZIONE E COMMERCIALIZZAZIONE DI PRODOTTI AGRONUTRIENTI\u201d e, al fine di fornire servizi che soddisfino pienamente le esigenze e le aspettative delle parti interessate con la massima efficienza, espone la seguente Politica su [&hellip;]<\/p>\n","protected":false},"author":4,"featured_media":0,"parent":0,"menu_order":0,"comment_status":"closed","ping_status":"closed","template":"politica_privacidad.php","meta":{"_acf_changed":false,"inline_featured_image":false,"footnotes":""},"class_list":["post-10409","page","type-page","status-publish","hentry"],"acf":[],"yoast_head":"<!-- This site is optimized with the Yoast SEO plugin v26.6 - https:\/\/yoast.com\/wordpress\/plugins\/seo\/ -->\n<title>ISO 9001 E 14001 - Atlantica<\/title>\n<meta name=\"robots\" content=\"noindex, nofollow\" \/>\n<meta property=\"og:locale\" content=\"it_IT\" \/>\n<meta property=\"og:type\" content=\"article\" \/>\n<meta property=\"og:title\" content=\"ISO 9001 E 14001 - Atlantica\" \/>\n<meta property=\"og:description\" content=\"ISO 9001 E 14001 &nbsp; La Direzione si assume in prima persona la responsabilit\u00e0 della Gestione della Qualit\u00e0 e dell&#8217;Ambiente per la \u201cPROGETTAZIONE, PRODUZIONE E COMMERCIALIZZAZIONE DI PRODOTTI AGRONUTRIENTI\u201d e, al fine di fornire servizi che soddisfino pienamente le esigenze e le aspettative delle parti interessate con la massima efficienza, espone la seguente Politica su [&hellip;]\" \/>\n<meta property=\"og:url\" content=\"https:\/\/www.atlanticaagricola.com\/it\/iso9001\/\" \/>\n<meta property=\"og:site_name\" content=\"Atlantica\" \/>\n<meta property=\"article:publisher\" content=\"https:\/\/www.facebook.com\/atlanticaagricolaoficial\" \/>\n<meta property=\"article:modified_time\" content=\"2026-03-03T14:48:52+00:00\" \/>\n<meta property=\"og:image\" content=\"https:\/\/www.atlanticaagricola.com\/wp-content\/uploads\/diseno-sin-titulo-2024-06-18t153442-144-300x200.jpg\" \/>\n<meta name=\"twitter:card\" content=\"summary_large_image\" \/>\n<meta name=\"twitter:site\" content=\"@atlanticaagri\" \/>\n<meta name=\"twitter:label1\" content=\"Tempo di lettura stimato\" \/>\n\t<meta name=\"twitter:data1\" content=\"3 minuti\" \/>\n<script type=\"application\/ld+json\" class=\"yoast-schema-graph\">{\"@context\":\"https:\/\/schema.org\",\"@graph\":[{\"@type\":\"WebPage\",\"@id\":\"https:\/\/www.atlanticaagricola.com\/it\/iso9001\/\",\"url\":\"https:\/\/www.atlanticaagricola.com\/it\/iso9001\/\",\"name\":\"ISO 9001 E 14001 - Atlantica\",\"isPartOf\":{\"@id\":\"https:\/\/www.atlanticaagricola.com\/it\/#website\"},\"primaryImageOfPage\":{\"@id\":\"https:\/\/www.atlanticaagricola.com\/it\/iso9001\/#primaryimage\"},\"image\":{\"@id\":\"https:\/\/www.atlanticaagricola.com\/it\/iso9001\/#primaryimage\"},\"thumbnailUrl\":\"https:\/\/www.atlanticaagricola.com\/wp-content\/uploads\/diseno-sin-titulo-2024-06-18t153442-144-300x200.jpg\",\"datePublished\":\"2022-07-19T09:03:33+00:00\",\"dateModified\":\"2026-03-03T14:48:52+00:00\",\"breadcrumb\":{\"@id\":\"https:\/\/www.atlanticaagricola.com\/it\/iso9001\/#breadcrumb\"},\"inLanguage\":\"it-IT\",\"potentialAction\":[{\"@type\":\"ReadAction\",\"target\":[\"https:\/\/www.atlanticaagricola.com\/it\/iso9001\/\"]}]},{\"@type\":\"ImageObject\",\"inLanguage\":\"it-IT\",\"@id\":\"https:\/\/www.atlanticaagricola.com\/it\/iso9001\/#primaryimage\",\"url\":\"https:\/\/www.atlanticaagricola.com\/wp-content\/uploads\/diseno-sin-titulo-2024-06-18t153442-144-300x200.jpg\",\"contentUrl\":\"https:\/\/www.atlanticaagricola.com\/wp-content\/uploads\/diseno-sin-titulo-2024-06-18t153442-144-300x200.jpg\"},{\"@type\":\"BreadcrumbList\",\"@id\":\"https:\/\/www.atlanticaagricola.com\/it\/iso9001\/#breadcrumb\",\"itemListElement\":[{\"@type\":\"ListItem\",\"position\":1,\"name\":\"Home\",\"item\":\"https:\/\/www.atlanticaagricola.com\/it\/\"},{\"@type\":\"ListItem\",\"position\":2,\"name\":\"ISO 9001 E 14001\"}]},{\"@type\":\"WebSite\",\"@id\":\"https:\/\/www.atlanticaagricola.com\/it\/#website\",\"url\":\"https:\/\/www.atlanticaagricola.com\/it\/\",\"name\":\"Atlantica\",\"description\":\"Empresa fabricante de productos agr\u00edcolas para grandes explotaciones\",\"alternateName\":\"Atl\u00e1ntica Agr\u00edcola\",\"potentialAction\":[{\"@type\":\"SearchAction\",\"target\":{\"@type\":\"EntryPoint\",\"urlTemplate\":\"https:\/\/www.atlanticaagricola.com\/it\/?s={search_term_string}\"},\"query-input\":{\"@type\":\"PropertyValueSpecification\",\"valueRequired\":true,\"valueName\":\"search_term_string\"}}],\"inLanguage\":\"it-IT\"}]}<\/script>\n<!-- \/ Yoast SEO plugin. -->","yoast_head_json":{"title":"ISO 9001 E 14001 - Atlantica","robots":{"index":"noindex","follow":"nofollow"},"og_locale":"it_IT","og_type":"article","og_title":"ISO 9001 E 14001 - Atlantica","og_description":"ISO 9001 E 14001 &nbsp; La Direzione si assume in prima persona la responsabilit\u00e0 della Gestione della Qualit\u00e0 e dell&#8217;Ambiente per la \u201cPROGETTAZIONE, PRODUZIONE E COMMERCIALIZZAZIONE DI PRODOTTI AGRONUTRIENTI\u201d e, al fine di fornire servizi che soddisfino pienamente le esigenze e le aspettative delle parti interessate con la massima efficienza, espone la seguente Politica su [&hellip;]","og_url":"https:\/\/www.atlanticaagricola.com\/it\/iso9001\/","og_site_name":"Atlantica","article_publisher":"https:\/\/www.facebook.com\/atlanticaagricolaoficial","article_modified_time":"2026-03-03T14:48:52+00:00","og_image":[{"url":"https:\/\/www.atlanticaagricola.com\/wp-content\/uploads\/diseno-sin-titulo-2024-06-18t153442-144-300x200.jpg","type":"","width":"","height":""}],"twitter_card":"summary_large_image","twitter_site":"@atlanticaagri","twitter_misc":{"Tempo di lettura stimato":"3 minuti"},"schema":{"@context":"https:\/\/schema.org","@graph":[{"@type":"WebPage","@id":"https:\/\/www.atlanticaagricola.com\/it\/iso9001\/","url":"https:\/\/www.atlanticaagricola.com\/it\/iso9001\/","name":"ISO 9001 E 14001 - Atlantica","isPartOf":{"@id":"https:\/\/www.atlanticaagricola.com\/it\/#website"},"primaryImageOfPage":{"@id":"https:\/\/www.atlanticaagricola.com\/it\/iso9001\/#primaryimage"},"image":{"@id":"https:\/\/www.atlanticaagricola.com\/it\/iso9001\/#primaryimage"},"thumbnailUrl":"https:\/\/www.atlanticaagricola.com\/wp-content\/uploads\/diseno-sin-titulo-2024-06-18t153442-144-300x200.jpg","datePublished":"2022-07-19T09:03:33+00:00","dateModified":"2026-03-03T14:48:52+00:00","breadcrumb":{"@id":"https:\/\/www.atlanticaagricola.com\/it\/iso9001\/#breadcrumb"},"inLanguage":"it-IT","potentialAction":[{"@type":"ReadAction","target":["https:\/\/www.atlanticaagricola.com\/it\/iso9001\/"]}]},{"@type":"ImageObject","inLanguage":"it-IT","@id":"https:\/\/www.atlanticaagricola.com\/it\/iso9001\/#primaryimage","url":"https:\/\/www.atlanticaagricola.com\/wp-content\/uploads\/diseno-sin-titulo-2024-06-18t153442-144-300x200.jpg","contentUrl":"https:\/\/www.atlanticaagricola.com\/wp-content\/uploads\/diseno-sin-titulo-2024-06-18t153442-144-300x200.jpg"},{"@type":"BreadcrumbList","@id":"https:\/\/www.atlanticaagricola.com\/it\/iso9001\/#breadcrumb","itemListElement":[{"@type":"ListItem","position":1,"name":"Home","item":"https:\/\/www.atlanticaagricola.com\/it\/"},{"@type":"ListItem","position":2,"name":"ISO 9001 E 14001"}]},{"@type":"WebSite","@id":"https:\/\/www.atlanticaagricola.com\/it\/#website","url":"https:\/\/www.atlanticaagricola.com\/it\/","name":"Atlantica","description":"Empresa fabricante de productos agr\u00edcolas para grandes explotaciones","alternateName":"Atl\u00e1ntica Agr\u00edcola","potentialAction":[{"@type":"SearchAction","target":{"@type":"EntryPoint","urlTemplate":"https:\/\/www.atlanticaagricola.com\/it\/?s={search_term_string}"},"query-input":{"@type":"PropertyValueSpecification","valueRequired":true,"valueName":"search_term_string"}}],"inLanguage":"it-IT"}]}},"_links":{"self":[{"href":"https:\/\/www.atlanticaagricola.com\/it\/wp-json\/wp\/v2\/pages\/10409","targetHints":{"allow":["GET"]}}],"collection":[{"href":"https:\/\/www.atlanticaagricola.com\/it\/wp-json\/wp\/v2\/pages"}],"about":[{"href":"https:\/\/www.atlanticaagricola.com\/it\/wp-json\/wp\/v2\/types\/page"}],"author":[{"embeddable":true,"href":"https:\/\/www.atlanticaagricola.com\/it\/wp-json\/wp\/v2\/users\/4"}],"replies":[{"embeddable":true,"href":"https:\/\/www.atlanticaagricola.com\/it\/wp-json\/wp\/v2\/comments?post=10409"}],"version-history":[{"count":4,"href":"https:\/\/www.atlanticaagricola.com\/it\/wp-json\/wp\/v2\/pages\/10409\/revisions"}],"predecessor-version":[{"id":11631,"href":"https:\/\/www.atlanticaagricola.com\/it\/wp-json\/wp\/v2\/pages\/10409\/revisions\/11631"}],"wp:attachment":[{"href":"https:\/\/www.atlanticaagricola.com\/it\/wp-json\/wp\/v2\/media?parent=10409"}],"curies":[{"name":"wp","href":"https:\/\/api.w.org\/{rel}","templated":true}]}}