{"id":10324,"date":"2022-06-29T11:22:57","date_gmt":"2022-06-29T09:22:57","guid":{"rendered":"https:\/\/www.atlanticaagricola.com\/avviso-legale\/"},"modified":"2022-06-29T11:22:57","modified_gmt":"2022-06-29T09:22:57","slug":"avviso-legale","status":"publish","type":"page","link":"https:\/\/www.atlanticaagricola.com\/it\/avviso-legale\/","title":{"rendered":"Avviso legale"},"content":{"rendered":"<h1>Avviso legale<\/h1>\n<p>&nbsp;<\/p>\n<p>In ottemperanza a quanto stabilito dalla Legge 34\/2002 dell\u201911 luglio, sui Servizi della Societ\u00e0 dell\u2019Informazione e del Commercio Elettronico (LSSICE), si riportano di seguito le seguenti informazioni legali:<\/p>\n<p>&nbsp;<\/p>\n<h2>PROPRIET\u00c0 DEL SITO WEB<\/h2>\n<p>Titolare del sito web: ATL\u00c1NTICA AGR\u00cdCOLA, S.A. (di seguito, ATL\u00c1NTICA AGR\u00cdCOLA) \u2013 NIF A78135282<\/p>\n<p>Dati di iscrizione al Registro delle Imprese: Registro Mercantile di Alicante, Foglio A-23146, Foglio 11, Volume generale 1634, Iscrizione 2\u00aa.<\/p>\n<p><strong>Direcci\u00f3n: <\/strong>C\/Corredera, 33 Entlo. 03400, Villena (Alicante), Espa\u00f1a<\/p>\n<p><strong>Contacto: <\/strong>Tel. 965800358 &#8211; email: <a href=\"mailto:info@atlanticaagricola.com\">info@atlanticaagricola.com<\/a><\/p>\n<p>&nbsp;<\/p>\n<h2>CONDIZIONI GENERALI DI UTILIZZO<\/h2>\n<p>Il sito web <a href=\"https:\/\/www.atlanticaagricola.com\/it\/\">https:\/\/www.atlanticaagricola.com<\/a><br \/>ha lo scopo di fornire al pubblico in generale informazioni sulle attivit\u00e0 svolte da questa organizzazione e sui prodotti e servizi offerti, nell\u2019ambito dello sviluppo della propria attivit\u00e0.<\/p>\n<p>&nbsp;<\/p>\n<p>L\u2019utilizzo di qualsiasi funzionalit\u00e0 del sito web implica l\u2019accettazione espressa e piena delle condizioni qui indicate, fatto salvo quanto previsto da eventuali condizioni particolari applicabili ad alcuni servizi specifici offerti attraverso il sito stesso.<\/p>\n<p>&nbsp;<\/p>\n<p>Il titolare del sito web si riserva il diritto di apportare, in qualsiasi momento e senza necessit\u00e0 di preavviso, modifiche e aggiornamenti alle informazioni in esso contenute, nonch\u00e9 alla sua configurazione e presentazione.<\/p>\n<p>&nbsp;<\/p>\n<p>Al fine di mantenere aggiornate le informazioni pubblicate sul sito web, i relativi contenuti potranno essere modificati, corretti, eliminati o integrati in qualsiasi momento; pertanto, si consiglia di verificarne la validit\u00e0 o l\u2019esattezza consultando le fonti ufficiali.<\/p>\n<p>&nbsp;<\/p>\n<h2>PROPRIET\u00c0 INTELLETTUALE, INDUSTRIALE E FRAMES<\/h2>\n<p>Tutti gli elementi che compongono il sito web, inclusi la sua struttura, il design, il codice sorgente, nonch\u00e9 i loghi, i marchi e gli altri segni distintivi in esso presenti, sono di propriet\u00e0 di ATL\u00c1NTICA AGR\u00cdCOLA o dei suoi collaboratori e sono protetti dai relativi diritti di propriet\u00e0 intellettuale e industriale.<\/p>\n<p>&nbsp;<\/p>\n<p>Allo stesso modo, anche le immagini e gli altri elementi grafici presenti sul sito web sono protetti dai relativi diritti di propriet\u00e0 intellettuale e industriale.<\/p>\n<p>&nbsp;<\/p>\n<p>Il titolare del sito web vieta espressamente la pratica del \u201cframing\u201d o l\u2019utilizzo, da parte di terzi, di qualsiasi altro meccanismo che alteri il design, la configurazione originale o i contenuti dello stesso.<\/p>\n<p>&nbsp;<\/p>\n<p>L\u2019utilizzo dei contenuti deve rispettarne la specifica licenza. Pertanto, qualsiasi uso, riproduzione, distribuzione, comunicazione al pubblico, trasformazione o altra attivit\u00e0 simile o analoga \u00e8 totalmente vietata, salvo previa ed espressa autorizzazione del titolare del sito web. <\/p>\n<p>&nbsp;<\/p>\n<p>\u00c8 consentita esclusivamente la riproduzione totale o parziale dei testi e dei contenuti forniti dal sito web, purch\u00e9 siano soddisfatte tutte e ciascuna delle seguenti condizioni:<\/p>\n<ul>\n<li>Sia mantenuta l\u2019integrit\u00e0 dei contenuti, dei documenti o degli elementi grafici.<\/li>\n<li>Sia espressamente indicato il titolare del sito web come fonte e origine degli stessi.<\/li>\n<li>Lo scopo e la finalit\u00e0 di tale utilizzo siano compatibili con le finalit\u00e0 e\/o l\u2019attivit\u00e0 del titolare del sito web.<\/li>\n<li>Non sia previsto un utilizzo commerciale; pertanto, sono espressamente vietate la distribuzione, la comunicazione al pubblico, la trasformazione o la decompilazione. Qualsiasi altro utilizzo dovr\u00e0 essere previamente comunicato e autorizzato in modo espresso dal titolare del sito web. <\/li>\n<\/ul>\n<p>&nbsp;<\/p>\n<p>Per quanto riguarda le citazioni di prodotti e servizi di terzi, il titolare del sito web riconosce a favore dei rispettivi titolari i relativi diritti di propriet\u00e0 industriale e intellettuale. La loro semplice menzione o comparsa sul sito web, qualora avvenga, non implica l\u2019esistenza di alcun diritto o responsabilit\u00e0 sugli stessi, n\u00e9 alcuna forma di approvazione, patrocinio o raccomandazione.<\/p>\n<p>&nbsp;<\/p>\n<h2>RESPONSABILIT\u00c0<\/h2>\n<p>Il titolare del sito web non garantisce l\u2019assenza di errori nell\u2019accesso allo stesso, nei suoi contenuti o che questi siano aggiornati; tuttavia, il titolare si impegner\u00e0 a compiere i massimi sforzi per prevenirli, correggerli o aggiornarli, se del caso.<\/p>\n<p>&nbsp;<\/p>\n<p>Sia l\u2019accesso al sito web sia l\u2019uso che possa essere fatto delle informazioni in esso contenute sono di esclusiva responsabilit\u00e0 di chi li effettua.<\/p>\n<p>&nbsp;<\/p>\n<p>Il titolare del sito web non \u00e8 responsabile delle informazioni e dei contenuti archiviati, a titolo esemplificativo ma non esaustivo, in forum, chat, blog, commenti, social network o in qualsiasi altro mezzo che consenta a terzi di pubblicare contenuti in modo indipendente sul sito web <a href=\"https:\/\/www.atlanticaagricola.com\/it\/\">https:\/\/www.atlanticaagricola.com.<\/a><\/p>\n<p>&nbsp;<\/p>\n<p>Tuttavia, il titolare del sito web si mette a disposizione di tutti gli utenti, delle autorit\u00e0 e delle forze dell\u2019ordine e collaborer\u00e0 attivamente alla rimozione o, se del caso, al blocco di tutti quei contenuti che possano violare la legislazione nazionale o internazionale, i diritti di terzi, i principi etici comunemente accettati o l\u2019ordine pubblico.<\/p>\n<p>&nbsp;<\/p>\n<h2>LINK O COLLEGAMENTI IPERTESTUALI<\/h2>\n<p>I link presenti sul nostro sito web possono rimandare a contenuti web di terzi. Lo scopo di tali collegamenti \u00e8 esclusivamente quello di facilitare la ricerca di risorse che possano risultare di interesse per l\u2019utente. Tuttavia, tali siti web non appartengono al titolare del sito, n\u00e9 quest\u2019ultimo ne verifica i contenuti; pertanto, il titolare del sito web non si assume alcuna responsabilit\u00e0 per i contenuti, le informazioni o i servizi che possano comparire su tali siti, i quali hanno esclusivamente carattere informativo e non implicano in alcun caso l\u2019esistenza di alcun rapporto tra il titolare del sito web e le persone o entit\u00e0 titolari di tali contenuti o di altri siti in cui essi si trovino.<br \/>Il titolare del sito web non pu\u00f2 inoltre essere ritenuto responsabile del funzionamento dei siti web collegati, n\u00e9 di eventuali danni che possano derivare dall\u2019accesso o dall\u2019utilizzo degli stessi.   <\/p>\n<p>&nbsp;<\/p>\n<p>A loro volta, i collegamenti al sito web <a href=\"https:\/\/www.atlanticaagricola.com\/it\/\">https:\/\/www.atlanticaagricola.com <\/a>dovranno rispettare le seguenti condizioni:<\/p>\n<ul>\n<li>La creazione del collegamento non comporter\u00e0 alcun tipo di accordo, contratto, patrocinio o raccomandazione da parte di ATL\u00c1NTICA AGR\u00cdCOLA nei confronti del sito web che effettua il collegamento.<\/li>\n<li>La creazione del collegamento non comporter\u00e0 in alcun caso la stipula di accordi, contratti, forme di patrocinio o raccomandazioni da parte di ATL\u00c1NTICA AGR\u00cdCOLA nei confronti del sito web che realizza il collegamento.<\/li>\n<li>Il titolare del sito web potr\u00e0 richiedere la rimozione di un collegamento allo stesso senza necessit\u00e0 di fornire alcuna motivazione. In tal caso, il titolare del sito web che ha inserito il collegamento dovr\u00e0 procedere alla sua immediata eliminazione non appena riceva la comunicazione da parte del titolare del sito web. <\/li>\n<li>Il titolare del sito web non si assume in alcun modo responsabilit\u00e0 n\u00e9 garantisce la chiarezza, l\u2019esattezza, l\u2019affidabilit\u00e0, la correttezza o la moralit\u00e0 dei contenuti o dei servizi che il collegamento ipertestuale possa offrire. L\u2019utente si assume sotto la propria esclusiva responsabilit\u00e0 le conseguenze, i danni o le azioni che possano derivare dall\u2019accesso al sito web oggetto del collegamento ipertestuale. <\/li>\n<li>La pagina web sulla quale viene inserito il collegamento ipertestuale non potr\u00e0 contenere marchi, denominazioni, logotipi, slogan o altri segni distintivi appartenenti al titolare del sito web, ad eccezione di quelli che facciano parte del collegamento ipertestuale stesso.<\/li>\n<\/ul>\n<p>&nbsp;<\/p>\n<h2>PROTEZIONE DEI DATI PERSONALI<\/h2>\n<p>Nei casi in cui vengano raccolti, trattati o archiviati dati personali, ci\u00f2 avverr\u00e0 in conformit\u00e0 con la Politica sulla Privacy pubblicata sul sito web, consultabile nel pi\u00e8 di pagina (footer) dello stesso.<\/p>\n<p>&nbsp;<\/p>\n<h2>LEGGE APPLICABILE E GIURISDIZIONE<\/h2>\n<p>La legge applicabile in caso di controversia o conflitto di interpretazione dei termini che compongono il presente Avviso Legale, nonch\u00e9 di qualsiasi questione relativa ai servizi del presente sito web, sar\u00e0 la legge spagnola.<\/p>\n<p>&nbsp;<\/p>\n<p>Per la risoluzione di qualsiasi controversia che possa sorgere in relazione alla visita al sito web o all\u2019utilizzo dei servizi in esso offerti, il titolare del sito web e l\u2019utente convengono di sottoporsi ai Giudici e Tribunali del domicilio dell\u2019utente, purch\u00e9 questo si trovi nel territorio spagnolo e agisca in qualit\u00e0 di consumatore. In caso contrario, la competenza sar\u00e0 attribuita ai Giudici e Tribunali della citt\u00e0 di Alicante, Spagna. <\/p>\n","protected":false},"excerpt":{"rendered":"<p>Avviso legale &nbsp; In ottemperanza a quanto stabilito dalla Legge 34\/2002 dell\u201911 luglio, sui Servizi della Societ\u00e0 dell\u2019Informazione e del Commercio Elettronico (LSSICE), si riportano di seguito le seguenti informazioni legali: &nbsp; PROPRIET\u00c0 DEL SITO WEB Titolare del sito web: ATL\u00c1NTICA AGR\u00cdCOLA, S.A. (di seguito, ATL\u00c1NTICA AGR\u00cdCOLA) \u2013 NIF A78135282 Dati di iscrizione al Registro [&hellip;]<\/p>\n","protected":false},"author":4,"featured_media":0,"parent":0,"menu_order":0,"comment_status":"closed","ping_status":"closed","template":"politica_privacidad.php","meta":{"_acf_changed":false,"inline_featured_image":false,"footnotes":""},"class_list":["post-10324","page","type-page","status-publish","hentry"],"acf":[],"yoast_head":"<!-- This site is optimized with the Yoast SEO plugin v26.6 - https:\/\/yoast.com\/wordpress\/plugins\/seo\/ -->\n<title>Avviso legale - Atlantica<\/title>\n<meta name=\"robots\" content=\"noindex, nofollow\" \/>\n<meta property=\"og:locale\" content=\"it_IT\" \/>\n<meta property=\"og:type\" content=\"article\" \/>\n<meta property=\"og:title\" content=\"Avviso legale - Atlantica\" \/>\n<meta property=\"og:description\" content=\"Avviso legale &nbsp; In ottemperanza a quanto stabilito dalla Legge 34\/2002 dell\u201911 luglio, sui Servizi della Societ\u00e0 dell\u2019Informazione e del Commercio Elettronico (LSSICE), si riportano di seguito le seguenti informazioni legali: &nbsp; PROPRIET\u00c0 DEL SITO WEB Titolare del sito web: ATL\u00c1NTICA AGR\u00cdCOLA, S.A. (di seguito, ATL\u00c1NTICA AGR\u00cdCOLA) \u2013 NIF A78135282 Dati di iscrizione al Registro [&hellip;]\" \/>\n<meta property=\"og:url\" content=\"https:\/\/www.atlanticaagricola.com\/it\/avviso-legale\/\" \/>\n<meta property=\"og:site_name\" content=\"Atlantica\" \/>\n<meta property=\"article:publisher\" content=\"https:\/\/www.facebook.com\/atlanticaagricolaoficial\" \/>\n<meta property=\"og:image\" content=\"https:\/\/www.atlanticaagricola.com\/wp-content\/uploads\/logo-grupo-atlantica-575-1.jpg\" \/>\n\t<meta property=\"og:image:width\" content=\"774\" \/>\n\t<meta property=\"og:image:height\" content=\"373\" \/>\n\t<meta property=\"og:image:type\" content=\"image\/jpeg\" \/>\n<meta name=\"twitter:card\" content=\"summary_large_image\" \/>\n<meta name=\"twitter:site\" content=\"@atlanticaagri\" \/>\n<meta name=\"twitter:label1\" content=\"Tempo di lettura stimato\" \/>\n\t<meta name=\"twitter:data1\" content=\"6 minuti\" \/>\n<script type=\"application\/ld+json\" class=\"yoast-schema-graph\">{\"@context\":\"https:\/\/schema.org\",\"@graph\":[{\"@type\":\"WebPage\",\"@id\":\"https:\/\/www.atlanticaagricola.com\/it\/avviso-legale\/\",\"url\":\"https:\/\/www.atlanticaagricola.com\/it\/avviso-legale\/\",\"name\":\"Avviso legale - Atlantica\",\"isPartOf\":{\"@id\":\"https:\/\/www.atlanticaagricola.com\/it\/#website\"},\"datePublished\":\"2022-06-29T09:22:57+00:00\",\"breadcrumb\":{\"@id\":\"https:\/\/www.atlanticaagricola.com\/it\/avviso-legale\/#breadcrumb\"},\"inLanguage\":\"it-IT\",\"potentialAction\":[{\"@type\":\"ReadAction\",\"target\":[\"https:\/\/www.atlanticaagricola.com\/it\/avviso-legale\/\"]}]},{\"@type\":\"BreadcrumbList\",\"@id\":\"https:\/\/www.atlanticaagricola.com\/it\/avviso-legale\/#breadcrumb\",\"itemListElement\":[{\"@type\":\"ListItem\",\"position\":1,\"name\":\"Home\",\"item\":\"https:\/\/www.atlanticaagricola.com\/it\/\"},{\"@type\":\"ListItem\",\"position\":2,\"name\":\"Avviso legale\"}]},{\"@type\":\"WebSite\",\"@id\":\"https:\/\/www.atlanticaagricola.com\/it\/#website\",\"url\":\"https:\/\/www.atlanticaagricola.com\/it\/\",\"name\":\"Atlantica\",\"description\":\"Empresa fabricante de productos agr\u00edcolas para grandes explotaciones\",\"alternateName\":\"Atl\u00e1ntica Agr\u00edcola\",\"potentialAction\":[{\"@type\":\"SearchAction\",\"target\":{\"@type\":\"EntryPoint\",\"urlTemplate\":\"https:\/\/www.atlanticaagricola.com\/it\/?s={search_term_string}\"},\"query-input\":{\"@type\":\"PropertyValueSpecification\",\"valueRequired\":true,\"valueName\":\"search_term_string\"}}],\"inLanguage\":\"it-IT\"}]}<\/script>\n<!-- \/ Yoast SEO plugin. -->","yoast_head_json":{"title":"Avviso legale - Atlantica","robots":{"index":"noindex","follow":"nofollow"},"og_locale":"it_IT","og_type":"article","og_title":"Avviso legale - Atlantica","og_description":"Avviso legale &nbsp; In ottemperanza a quanto stabilito dalla Legge 34\/2002 dell\u201911 luglio, sui Servizi della Societ\u00e0 dell\u2019Informazione e del Commercio Elettronico (LSSICE), si riportano di seguito le seguenti informazioni legali: &nbsp; PROPRIET\u00c0 DEL SITO WEB Titolare del sito web: ATL\u00c1NTICA AGR\u00cdCOLA, S.A. (di seguito, ATL\u00c1NTICA AGR\u00cdCOLA) \u2013 NIF A78135282 Dati di iscrizione al Registro [&hellip;]","og_url":"https:\/\/www.atlanticaagricola.com\/it\/avviso-legale\/","og_site_name":"Atlantica","article_publisher":"https:\/\/www.facebook.com\/atlanticaagricolaoficial","og_image":[{"width":774,"height":373,"url":"https:\/\/www.atlanticaagricola.com\/wp-content\/uploads\/logo-grupo-atlantica-575-1.jpg","type":"image\/jpeg"}],"twitter_card":"summary_large_image","twitter_site":"@atlanticaagri","twitter_misc":{"Tempo di lettura stimato":"6 minuti"},"schema":{"@context":"https:\/\/schema.org","@graph":[{"@type":"WebPage","@id":"https:\/\/www.atlanticaagricola.com\/it\/avviso-legale\/","url":"https:\/\/www.atlanticaagricola.com\/it\/avviso-legale\/","name":"Avviso legale - Atlantica","isPartOf":{"@id":"https:\/\/www.atlanticaagricola.com\/it\/#website"},"datePublished":"2022-06-29T09:22:57+00:00","breadcrumb":{"@id":"https:\/\/www.atlanticaagricola.com\/it\/avviso-legale\/#breadcrumb"},"inLanguage":"it-IT","potentialAction":[{"@type":"ReadAction","target":["https:\/\/www.atlanticaagricola.com\/it\/avviso-legale\/"]}]},{"@type":"BreadcrumbList","@id":"https:\/\/www.atlanticaagricola.com\/it\/avviso-legale\/#breadcrumb","itemListElement":[{"@type":"ListItem","position":1,"name":"Home","item":"https:\/\/www.atlanticaagricola.com\/it\/"},{"@type":"ListItem","position":2,"name":"Avviso legale"}]},{"@type":"WebSite","@id":"https:\/\/www.atlanticaagricola.com\/it\/#website","url":"https:\/\/www.atlanticaagricola.com\/it\/","name":"Atlantica","description":"Empresa fabricante de productos agr\u00edcolas para grandes explotaciones","alternateName":"Atl\u00e1ntica Agr\u00edcola","potentialAction":[{"@type":"SearchAction","target":{"@type":"EntryPoint","urlTemplate":"https:\/\/www.atlanticaagricola.com\/it\/?s={search_term_string}"},"query-input":{"@type":"PropertyValueSpecification","valueRequired":true,"valueName":"search_term_string"}}],"inLanguage":"it-IT"}]}},"_links":{"self":[{"href":"https:\/\/www.atlanticaagricola.com\/it\/wp-json\/wp\/v2\/pages\/10324","targetHints":{"allow":["GET"]}}],"collection":[{"href":"https:\/\/www.atlanticaagricola.com\/it\/wp-json\/wp\/v2\/pages"}],"about":[{"href":"https:\/\/www.atlanticaagricola.com\/it\/wp-json\/wp\/v2\/types\/page"}],"author":[{"embeddable":true,"href":"https:\/\/www.atlanticaagricola.com\/it\/wp-json\/wp\/v2\/users\/4"}],"replies":[{"embeddable":true,"href":"https:\/\/www.atlanticaagricola.com\/it\/wp-json\/wp\/v2\/comments?post=10324"}],"version-history":[{"count":0,"href":"https:\/\/www.atlanticaagricola.com\/it\/wp-json\/wp\/v2\/pages\/10324\/revisions"}],"wp:attachment":[{"href":"https:\/\/www.atlanticaagricola.com\/it\/wp-json\/wp\/v2\/media?parent=10324"}],"curies":[{"name":"wp","href":"https:\/\/api.w.org\/{rel}","templated":true}]}}