{"id":4162,"date":"2022-07-19T11:03:33","date_gmt":"2022-07-19T09:03:33","guid":{"rendered":"https:\/\/atlanticaagricola.com\/iso9001\/"},"modified":"2024-12-02T08:39:56","modified_gmt":"2024-12-02T08:39:56","slug":"iso9001","status":"publish","type":"page","link":"https:\/\/www.atlanticaagricola.com\/fr\/iso9001\/","title":{"rendered":"ISO 9001 ET 14001"},"content":{"rendered":"<h1>ISO 9001 ET 14001<\/h1>\n<p><img fetchpriority=\"high\" decoding=\"async\" class=\"alignnone  wp-image-6968\" src=\"https:\/\/www.atlanticaagricola.com\/wp-content\/uploads\/diseno-sin-titulo-2024-06-18t153442-144-300x200.jpg\" alt=\"\" width=\"695\" height=\"463\" srcset=\"https:\/\/www.atlanticaagricola.com\/wp-content\/uploads\/diseno-sin-titulo-2024-06-18t153442-144-300x200.jpg 300w, https:\/\/www.atlanticaagricola.com\/wp-content\/uploads\/diseno-sin-titulo-2024-06-18t153442-144-1024x683.jpg 1024w, https:\/\/www.atlanticaagricola.com\/wp-content\/uploads\/diseno-sin-titulo-2024-06-18t153442-144-768x512.jpg 768w, https:\/\/www.atlanticaagricola.com\/wp-content\/uploads\/diseno-sin-titulo-2024-06-18t153442-144-1536x1024.jpg 1536w, https:\/\/www.atlanticaagricola.com\/wp-content\/uploads\/diseno-sin-titulo-2024-06-18t153442-144-2000x1333.jpg 2000w, https:\/\/www.atlanticaagricola.com\/wp-content\/uploads\/diseno-sin-titulo-2024-06-18t153442-144.jpg 2048w\" sizes=\"(max-width: 695px) 100vw, 695px\" \/><\/p>\n<p>&nbsp;<\/p>\n<p>La Direction consid\u00e8re comme premi\u00e8re responsabilit\u00e9 la Gestion de la Qualit\u00e9 et d\u2019Environnement pour la \u00ab CONCEPTION, FABRICATION ET COMMERCIALISATION DE AGRONUTRITIFS \u00bb et, afin de fournir des services qui r\u00e9pondent pleinement aux besoins et aux attentes des parties concern\u00e9es avec un maximum d\u2019efficacit\u00e9, d\u00e9finit la\u00a0Politique\u00a0suivante, sur laquelle repose le Syst\u00e8me de Gestion de la Qualit\u00e9 et d\u2019Environnement.<\/p>\n<p>&nbsp;<\/p>\n<p>Le Syst\u00e8me de Gestion de la Qualit\u00e9 et d\u2019Environnement \u00e9tabli \u00e0 ATL\u00c1NTICA AGR\u00cdCOLA, S.A., est bas\u00e9 sur la r\u00e9alisation de trois objectifs fondamentaux\u00a0:<\/p>\n<p>&nbsp;<\/p>\n<ul>\n<li>La satisfaction compl\u00e8te et continue de toutes les exigences et besoins d\u00e9tect\u00e9s ou exprim\u00e9s par les parties concern\u00e9es, en mettant l\u2019accent tant sur les caract\u00e9ristiques de qualit\u00e9 du service lui-m\u00eame que sur les \u00e9l\u00e9ments et composants qualitatifs qui l\u2019accompagnent (service client, contact et proximit\u00e9 avec le client, communication interne et externe, conseil technique, etc.).<\/li>\n<li>L\u2019am\u00e9lioration continue des processus et activit\u00e9s internes afin de minimiser le co\u00fbt de l\u2019activit\u00e9 r\u00e9alis\u00e9e, en recherchant la rentabilit\u00e9 et l\u2019efficacit\u00e9 dans tous les domaines.<\/li>\n<li>Le d\u00e9veloppement durable. Nous sommes conscients que la durabilit\u00e9 est la cl\u00e9 de la croissance et de la prosp\u00e9rit\u00e9, c\u2019est pour cela que nous voulons :\n<ul>\n<li>Comprendre nos parties prenantes afin d\u2019\u00eatre en mesure de r\u00e9pondre \u00e0 leurs attentes et \u00e0 leurs exigences en mati\u00e8re d&rsquo;\u00e9galit\u00e9, d&#8217;emploi, de s\u00e9curit\u00e9 et de s\u00fbret\u00e9, entre autres.<\/li>\n<li>Le changement climatique est l&rsquo;une de nos pr\u00e9occupations et nous identifions nos aspects environnementaux ainsi que leur interaction avec l&rsquo;environnement afin de mettre en place des m\u00e9canismes de pr\u00e9vention de la pollution et de protection de l&rsquo;environnement.<\/li>\n<li>\u00a0L&rsquo;utilisation de l&rsquo;innovation dans nos produits, qui nous permet de continuer \u00e0 cro\u00eetre dans de nouveaux march\u00e9s et de consolider notre position dans les march\u00e9s existants avec des produits de qualit\u00e9.<\/li>\n<\/ul>\n<\/li>\n<\/ul>\n<p>&nbsp;<\/p>\n<p>&nbsp;<\/p>\n<p>Afin d\u2019atteindre ces objectifs, les principes suivants sont \u00e9tablis\u00a0:<\/p>\n<p>&nbsp;<\/p>\n<ul>\n<li>L\u2019identification des\u00a0risques et des opportunit\u00e9s\u00a0auxquels il faut faire face et qu\u2019il faut traiter, respectivement, afin d\u2019atteindre les r\u00e9sultats escompt\u00e9s, d\u2019accro\u00eetre les effets souhaitables et de pr\u00e9venir ou de r\u00e9duire les effets ind\u00e9sirables et de r\u00e9aliser un progr\u00e8s continu.<\/li>\n<li>L\u2019engagement de respecter les\u00a0exigences l\u00e9gales et r\u00e9glementaires ainsi que les autres exigences applicables.<em>\u00a0<\/em><\/li>\n<\/ul>\n<ul>\n<li>La mise \u00e0 disposition constante des\u00a0ressources technologiques et humaines\u00a0n\u00e9cessaires \u00e0 l\u2019exercice de notre activit\u00e9 dans des conditions productives.<\/li>\n<\/ul>\n<ul>\n<li>La\u00a0formation ad\u00e9quate du personnel\u00a0pour la r\u00e9alisation correcte des t\u00e2ches qui lui sont confi\u00e9es.<\/li>\n<li>Am\u00e9liorer en continu la performance environnementales de l&rsquo;entreprise, la pr\u00e9vention de la pollution et la protection de l&rsquo;environnement.<\/li>\n<\/ul>\n<ul>\n<li>La\u00a0stricte satisfaction des exigences sp\u00e9cifi\u00e9es par le client\u00a0dans la fourniture de nos services.<\/li>\n<li>La\u00a0participation active de tout le personnel, tant individuellement qu\u2019en \u00e9quipe, \u00e0 la recherche permanente de l\u2019am\u00e9lioration de la qualit\u00e9 et du syst\u00e8me sur lequel elle se base.<\/li>\n<li>La gestion des r\u00e9clamations et des plaintes des parties concern\u00e9es ainsi que des \u00e9checs et des d\u00e9fauts de qualit\u00e9, qui constituent des\u00a0occasions d\u2019am\u00e9liorer\u00a0nos processus afin d\u2019accro\u00eetre la qualit\u00e9 fournie et de r\u00e9duire les co\u00fbts de la mauvaise qualit\u00e9, le tout bas\u00e9 sur la philosophie de la pr\u00e9vention des erreurs.<\/li>\n<\/ul>\n<p>&nbsp;<\/p>\n<p>Cette politique et les principes sur lesquels elle est bas\u00e9e sont orient\u00e9s vers la r\u00e9alisation des\u00a0OBJECTIFS\/INDICATEURS\u00a0qui sont \u00e9tablis par la Direction pour chaque exercice.<\/p>\n<p>&nbsp;<\/p>\n<p>&nbsp;<\/p>\n","protected":false},"excerpt":{"rendered":"<p>ISO 9001 ET 14001 &nbsp; La Direction consid\u00e8re comme premi\u00e8re responsabilit\u00e9 la Gestion de la Qualit\u00e9 et d\u2019Environnement pour la \u00ab CONCEPTION, FABRICATION ET COMMERCIALISATION DE AGRONUTRITIFS \u00bb et, afin de fournir des services qui r\u00e9pondent pleinement aux besoins et aux attentes des parties concern\u00e9es avec un maximum d\u2019efficacit\u00e9, d\u00e9finit la\u00a0Politique\u00a0suivante, sur laquelle repose le [&hellip;]<\/p>\n","protected":false},"author":4,"featured_media":0,"parent":0,"menu_order":0,"comment_status":"closed","ping_status":"closed","template":"politica_privacidad.php","meta":{"_acf_changed":false,"inline_featured_image":false,"footnotes":""},"class_list":["post-4162","page","type-page","status-publish","hentry"],"acf":[],"yoast_head":"<!-- This site is optimized with the Yoast SEO plugin v26.6 - https:\/\/yoast.com\/wordpress\/plugins\/seo\/ -->\n<title>ISO 9001 ET 14001 - Atlantica<\/title>\n<meta name=\"robots\" content=\"index, follow, max-snippet:-1, max-image-preview:large, max-video-preview:-1\" \/>\n<link rel=\"canonical\" href=\"https:\/\/www.atlanticaagricola.com\/fr\/iso9001\/\" \/>\n<meta property=\"og:locale\" content=\"fr_FR\" \/>\n<meta property=\"og:type\" content=\"article\" \/>\n<meta property=\"og:title\" content=\"ISO 9001 ET 14001 - Atlantica\" \/>\n<meta property=\"og:description\" content=\"ISO 9001 ET 14001 &nbsp; La Direction consid\u00e8re comme premi\u00e8re responsabilit\u00e9 la Gestion de la Qualit\u00e9 et d\u2019Environnement pour la \u00ab CONCEPTION, FABRICATION ET COMMERCIALISATION DE AGRONUTRITIFS \u00bb et, afin de fournir des services qui r\u00e9pondent pleinement aux besoins et aux attentes des parties concern\u00e9es avec un maximum d\u2019efficacit\u00e9, d\u00e9finit la\u00a0Politique\u00a0suivante, sur laquelle repose le [&hellip;]\" \/>\n<meta property=\"og:url\" content=\"https:\/\/www.atlanticaagricola.com\/fr\/iso9001\/\" \/>\n<meta property=\"og:site_name\" content=\"Atlantica\" \/>\n<meta property=\"article:publisher\" content=\"https:\/\/www.facebook.com\/atlanticaagricolaoficial\" \/>\n<meta property=\"article:modified_time\" content=\"2024-12-02T08:39:56+00:00\" \/>\n<meta property=\"og:image\" content=\"https:\/\/www.atlanticaagricola.com\/wp-content\/uploads\/diseno-sin-titulo-2024-06-18t153442-144-300x200.jpg\" \/>\n<meta name=\"twitter:card\" content=\"summary_large_image\" \/>\n<meta name=\"twitter:site\" content=\"@atlanticaagri\" \/>\n<meta name=\"twitter:label1\" content=\"Dur\u00e9e de lecture estim\u00e9e\" \/>\n\t<meta name=\"twitter:data1\" content=\"3 minutes\" \/>\n<script type=\"application\/ld+json\" class=\"yoast-schema-graph\">{\"@context\":\"https:\/\/schema.org\",\"@graph\":[{\"@type\":\"WebPage\",\"@id\":\"https:\/\/www.atlanticaagricola.com\/fr\/iso9001\/\",\"url\":\"https:\/\/www.atlanticaagricola.com\/fr\/iso9001\/\",\"name\":\"ISO 9001 ET 14001 - Atlantica\",\"isPartOf\":{\"@id\":\"https:\/\/www.atlanticaagricola.com\/fr\/#website\"},\"primaryImageOfPage\":{\"@id\":\"https:\/\/www.atlanticaagricola.com\/fr\/iso9001\/#primaryimage\"},\"image\":{\"@id\":\"https:\/\/www.atlanticaagricola.com\/fr\/iso9001\/#primaryimage\"},\"thumbnailUrl\":\"https:\/\/www.atlanticaagricola.com\/wp-content\/uploads\/diseno-sin-titulo-2024-06-18t153442-144-300x200.jpg\",\"datePublished\":\"2022-07-19T09:03:33+00:00\",\"dateModified\":\"2024-12-02T08:39:56+00:00\",\"breadcrumb\":{\"@id\":\"https:\/\/www.atlanticaagricola.com\/fr\/iso9001\/#breadcrumb\"},\"inLanguage\":\"fr-FR\",\"potentialAction\":[{\"@type\":\"ReadAction\",\"target\":[\"https:\/\/www.atlanticaagricola.com\/fr\/iso9001\/\"]}]},{\"@type\":\"ImageObject\",\"inLanguage\":\"fr-FR\",\"@id\":\"https:\/\/www.atlanticaagricola.com\/fr\/iso9001\/#primaryimage\",\"url\":\"https:\/\/www.atlanticaagricola.com\/wp-content\/uploads\/diseno-sin-titulo-2024-06-18t153442-144-300x200.jpg\",\"contentUrl\":\"https:\/\/www.atlanticaagricola.com\/wp-content\/uploads\/diseno-sin-titulo-2024-06-18t153442-144-300x200.jpg\"},{\"@type\":\"BreadcrumbList\",\"@id\":\"https:\/\/www.atlanticaagricola.com\/fr\/iso9001\/#breadcrumb\",\"itemListElement\":[{\"@type\":\"ListItem\",\"position\":1,\"name\":\"Home\",\"item\":\"https:\/\/www.atlanticaagricola.com\/fr\/\"},{\"@type\":\"ListItem\",\"position\":2,\"name\":\"ISO 9001 ET 14001\"}]},{\"@type\":\"WebSite\",\"@id\":\"https:\/\/www.atlanticaagricola.com\/fr\/#website\",\"url\":\"https:\/\/www.atlanticaagricola.com\/fr\/\",\"name\":\"Atlantica\",\"description\":\"Empresa fabricante de productos agr\u00edcolas para grandes explotaciones\",\"publisher\":{\"@id\":\"https:\/\/www.atlanticaagricola.com\/fr\/#organization\"},\"alternateName\":\"Atl\u00e1ntica Agr\u00edcola\",\"potentialAction\":[{\"@type\":\"SearchAction\",\"target\":{\"@type\":\"EntryPoint\",\"urlTemplate\":\"https:\/\/www.atlanticaagricola.com\/fr\/?s={search_term_string}\"},\"query-input\":{\"@type\":\"PropertyValueSpecification\",\"valueRequired\":true,\"valueName\":\"search_term_string\"}}],\"inLanguage\":\"fr-FR\"},{\"@type\":\"Organization\",\"@id\":\"https:\/\/www.atlanticaagricola.com\/fr\/#organization\",\"name\":\"Atl\u00e1ntica Agr\u00edcola\",\"alternateName\":\"AtlanticaAgricola\",\"url\":\"https:\/\/www.atlanticaagricola.com\/fr\/\",\"logo\":{\"@type\":\"ImageObject\",\"inLanguage\":\"fr-FR\",\"@id\":\"https:\/\/www.atlanticaagricola.com\/fr\/#\/schema\/logo\/image\/\",\"url\":\"https:\/\/www.atlanticaagricola.com\/wp-content\/uploads\/bg_64_logo-atlantica-1.jpg\",\"contentUrl\":\"https:\/\/www.atlanticaagricola.com\/wp-content\/uploads\/bg_64_logo-atlantica-1.jpg\",\"width\":800,\"height\":565,\"caption\":\"Atl\u00e1ntica Agr\u00edcola\"},\"image\":{\"@id\":\"https:\/\/www.atlanticaagricola.com\/fr\/#\/schema\/logo\/image\/\"},\"sameAs\":[\"https:\/\/www.facebook.com\/atlanticaagricolaoficial\",\"https:\/\/x.com\/atlanticaagri\",\"https:\/\/www.instagram.com\/atlanticaagricola\/\",\"https:\/\/www.linkedin.com\/company\/atl\u00e1ntica-agr\u00edcola\/\"]}]}<\/script>\n<!-- \/ Yoast SEO plugin. -->","yoast_head_json":{"title":"ISO 9001 ET 14001 - Atlantica","robots":{"index":"index","follow":"follow","max-snippet":"max-snippet:-1","max-image-preview":"max-image-preview:large","max-video-preview":"max-video-preview:-1"},"canonical":"https:\/\/www.atlanticaagricola.com\/fr\/iso9001\/","og_locale":"fr_FR","og_type":"article","og_title":"ISO 9001 ET 14001 - Atlantica","og_description":"ISO 9001 ET 14001 &nbsp; La Direction consid\u00e8re comme premi\u00e8re responsabilit\u00e9 la Gestion de la Qualit\u00e9 et d\u2019Environnement pour la \u00ab CONCEPTION, FABRICATION ET COMMERCIALISATION DE AGRONUTRITIFS \u00bb et, afin de fournir des services qui r\u00e9pondent pleinement aux besoins et aux attentes des parties concern\u00e9es avec un maximum d\u2019efficacit\u00e9, d\u00e9finit la\u00a0Politique\u00a0suivante, sur laquelle repose le [&hellip;]","og_url":"https:\/\/www.atlanticaagricola.com\/fr\/iso9001\/","og_site_name":"Atlantica","article_publisher":"https:\/\/www.facebook.com\/atlanticaagricolaoficial","article_modified_time":"2024-12-02T08:39:56+00:00","og_image":[{"url":"https:\/\/www.atlanticaagricola.com\/wp-content\/uploads\/diseno-sin-titulo-2024-06-18t153442-144-300x200.jpg","type":"","width":"","height":""}],"twitter_card":"summary_large_image","twitter_site":"@atlanticaagri","twitter_misc":{"Dur\u00e9e de lecture estim\u00e9e":"3 minutes"},"schema":{"@context":"https:\/\/schema.org","@graph":[{"@type":"WebPage","@id":"https:\/\/www.atlanticaagricola.com\/fr\/iso9001\/","url":"https:\/\/www.atlanticaagricola.com\/fr\/iso9001\/","name":"ISO 9001 ET 14001 - Atlantica","isPartOf":{"@id":"https:\/\/www.atlanticaagricola.com\/fr\/#website"},"primaryImageOfPage":{"@id":"https:\/\/www.atlanticaagricola.com\/fr\/iso9001\/#primaryimage"},"image":{"@id":"https:\/\/www.atlanticaagricola.com\/fr\/iso9001\/#primaryimage"},"thumbnailUrl":"https:\/\/www.atlanticaagricola.com\/wp-content\/uploads\/diseno-sin-titulo-2024-06-18t153442-144-300x200.jpg","datePublished":"2022-07-19T09:03:33+00:00","dateModified":"2024-12-02T08:39:56+00:00","breadcrumb":{"@id":"https:\/\/www.atlanticaagricola.com\/fr\/iso9001\/#breadcrumb"},"inLanguage":"fr-FR","potentialAction":[{"@type":"ReadAction","target":["https:\/\/www.atlanticaagricola.com\/fr\/iso9001\/"]}]},{"@type":"ImageObject","inLanguage":"fr-FR","@id":"https:\/\/www.atlanticaagricola.com\/fr\/iso9001\/#primaryimage","url":"https:\/\/www.atlanticaagricola.com\/wp-content\/uploads\/diseno-sin-titulo-2024-06-18t153442-144-300x200.jpg","contentUrl":"https:\/\/www.atlanticaagricola.com\/wp-content\/uploads\/diseno-sin-titulo-2024-06-18t153442-144-300x200.jpg"},{"@type":"BreadcrumbList","@id":"https:\/\/www.atlanticaagricola.com\/fr\/iso9001\/#breadcrumb","itemListElement":[{"@type":"ListItem","position":1,"name":"Home","item":"https:\/\/www.atlanticaagricola.com\/fr\/"},{"@type":"ListItem","position":2,"name":"ISO 9001 ET 14001"}]},{"@type":"WebSite","@id":"https:\/\/www.atlanticaagricola.com\/fr\/#website","url":"https:\/\/www.atlanticaagricola.com\/fr\/","name":"Atlantica","description":"Empresa fabricante de productos agr\u00edcolas para grandes explotaciones","publisher":{"@id":"https:\/\/www.atlanticaagricola.com\/fr\/#organization"},"alternateName":"Atl\u00e1ntica Agr\u00edcola","potentialAction":[{"@type":"SearchAction","target":{"@type":"EntryPoint","urlTemplate":"https:\/\/www.atlanticaagricola.com\/fr\/?s={search_term_string}"},"query-input":{"@type":"PropertyValueSpecification","valueRequired":true,"valueName":"search_term_string"}}],"inLanguage":"fr-FR"},{"@type":"Organization","@id":"https:\/\/www.atlanticaagricola.com\/fr\/#organization","name":"Atl\u00e1ntica Agr\u00edcola","alternateName":"AtlanticaAgricola","url":"https:\/\/www.atlanticaagricola.com\/fr\/","logo":{"@type":"ImageObject","inLanguage":"fr-FR","@id":"https:\/\/www.atlanticaagricola.com\/fr\/#\/schema\/logo\/image\/","url":"https:\/\/www.atlanticaagricola.com\/wp-content\/uploads\/bg_64_logo-atlantica-1.jpg","contentUrl":"https:\/\/www.atlanticaagricola.com\/wp-content\/uploads\/bg_64_logo-atlantica-1.jpg","width":800,"height":565,"caption":"Atl\u00e1ntica Agr\u00edcola"},"image":{"@id":"https:\/\/www.atlanticaagricola.com\/fr\/#\/schema\/logo\/image\/"},"sameAs":["https:\/\/www.facebook.com\/atlanticaagricolaoficial","https:\/\/x.com\/atlanticaagri","https:\/\/www.instagram.com\/atlanticaagricola\/","https:\/\/www.linkedin.com\/company\/atl\u00e1ntica-agr\u00edcola\/"]}]}},"_links":{"self":[{"href":"https:\/\/www.atlanticaagricola.com\/fr\/wp-json\/wp\/v2\/pages\/4162","targetHints":{"allow":["GET"]}}],"collection":[{"href":"https:\/\/www.atlanticaagricola.com\/fr\/wp-json\/wp\/v2\/pages"}],"about":[{"href":"https:\/\/www.atlanticaagricola.com\/fr\/wp-json\/wp\/v2\/types\/page"}],"author":[{"embeddable":true,"href":"https:\/\/www.atlanticaagricola.com\/fr\/wp-json\/wp\/v2\/users\/4"}],"replies":[{"embeddable":true,"href":"https:\/\/www.atlanticaagricola.com\/fr\/wp-json\/wp\/v2\/comments?post=4162"}],"version-history":[{"count":13,"href":"https:\/\/www.atlanticaagricola.com\/fr\/wp-json\/wp\/v2\/pages\/4162\/revisions"}],"predecessor-version":[{"id":7032,"href":"https:\/\/www.atlanticaagricola.com\/fr\/wp-json\/wp\/v2\/pages\/4162\/revisions\/7032"}],"wp:attachment":[{"href":"https:\/\/www.atlanticaagricola.com\/fr\/wp-json\/wp\/v2\/media?parent=4162"}],"curies":[{"name":"wp","href":"https:\/\/api.w.org\/{rel}","templated":true}]}}