{"id":4127,"date":"2022-06-29T11:22:57","date_gmt":"2022-06-29T11:22:57","guid":{"rendered":"https:\/\/atlanticaagricola.com\/aviso-legal\/"},"modified":"2022-09-15T08:15:24","modified_gmt":"2022-09-15T08:15:24","slug":"mentions-legales","status":"publish","type":"page","link":"https:\/\/www.atlanticaagricola.com\/fr\/mentions-legales\/","title":{"rendered":"Mentions le\u0301gales"},"content":{"rendered":"<h1>Mentions le\u0301gales<\/h1>\n<p>&nbsp;<\/p>\n<p>Conform\u00e9ment aux dispositions de la loi 34\/2002 du 11 juillet, relative aux services de la soci\u00e9t\u00e9 de l&rsquo;information et au commerce \u00e9lectronique (LSSICE), ainsi qu&rsquo;\u00e0 la r\u00e9glementation applicable au Honduras, nous vous informons des aspects juridiques suivants:<\/p>\n<p>&nbsp;<\/p>\n<h2>PROPRI\u00c9T\u00c9 DU SITE WEB<\/h2>\n<p><strong>Propri\u00e9taire du site web:<\/strong> ATL\u00c1NTICA AGR\u00cdCOLA, S.A. (en adelante, ATL\u00c1NTICA AGR\u00cdCOLA) &#8211; NIF A78135282<\/p>\n<p>&nbsp;<\/p>\n<p><strong>D\u00e9tails de l&rsquo;inscription:<\/strong> Registro Mercantil de Alicante Hoja A-23146, Folio 11, tomo 1634 general, Inscripci\u00f3n 2<sup>a<\/sup><\/p>\n<p>&nbsp;<\/p>\n<p><strong>Adresse:<\/strong> C\/Corredera, 33 Entlo. 03400, Villena (Alicante), Espagne<\/p>\n<p>&nbsp;<\/p>\n<p><strong>Contact:<\/strong> Tel. 965800358 &#8211; email: <a href=\"mailto:info@atlanticaagricola.com\">info@atlanticaagricola.com<\/a><\/p>\n<p><strong>\u00a0<\/strong><\/p>\n<h2>CONDITIONS G\u00c9N\u00c9RALES D&rsquo;USAGE<\/h2>\n<p>&nbsp;<\/p>\n<p>Le site <a href=\"https:\/\/www.atlanticaagricola.com\">https:\/\/www.atlanticaagricola.com<\/a> a pour objet de fournir au grand public des informations sur les activit\u00e9s que m\u00e8ne cette organisation et sur les produits et services qu&rsquo;elle propose pour le d\u00e9veloppement de son activit\u00e9.<\/p>\n<p>&nbsp;<\/p>\n<p>L&rsquo;utilisation de chacune des fonctionnalit\u00e9s du site web implique l&rsquo;acceptation expresse et compl\u00e8te des conditions \u00e9nonc\u00e9es dans le pr\u00e9sent document, sans pr\u00e9judice des conditions particuli\u00e8res qui pourraient s&rsquo;appliquer \u00e0 certains des services sp\u00e9cifiques propos\u00e9s sur le site web.<\/p>\n<p>&nbsp;<\/p>\n<p>Le propri\u00e9taire du site se r\u00e9serve le droit d&rsquo;effectuer, \u00e0 tout moment et sans pr\u00e9avis, des modifications et des mises \u00e0 jour des informations contenues dans le site ou de la configuration et de la pr\u00e9sentation de celui-ci.<\/p>\n<p>&nbsp;<\/p>\n<p>Afin de maintenir \u00e0 jour les informations publi\u00e9es sur le site, le contenu du site peut \u00eatre modifi\u00e9, corrig\u00e9, \u00e9limin\u00e9 ou compl\u00e9t\u00e9 \u00e0 tout moment. Il est donc conseill\u00e9 de v\u00e9rifier la validit\u00e9 ou l&rsquo;exactitude de ces informations en consultant des sources officielles.<\/p>\n<p>&nbsp;<\/p>\n<h2>PROPRI\u00c9T\u00c9 INTELLECTUELLE, INDUSTRIELLE ET CADRES<\/h2>\n<p>&nbsp;<\/p>\n<p>Tous les \u00e9l\u00e9ments qui composent le site web, ainsi que sa structure, sa conception, son code source, les logos, les marques et autres signes distinctifs qui y apparaissent, sont la propri\u00e9t\u00e9 du ATL\u00c1NTICA AGR\u00cdCOLA ou de ses collaborateurs et sont prot\u00e9g\u00e9s par les droits de propri\u00e9t\u00e9 intellectuelle et industrielle correspondants.<\/p>\n<p>&nbsp;<\/p>\n<p>De m\u00eame, les images et autres \u00e9l\u00e9ments graphiques contenus sur le site web sont prot\u00e9g\u00e9s par les droits de propri\u00e9t\u00e9 intellectuelle et industrielle correspondants.<\/p>\n<p>&nbsp;<\/p>\n<p>Le propri\u00e9taire du site interdit express\u00e9ment le \u00ab\u00a0framing\u00a0\u00bb ou l&rsquo;utilisation par des tiers de tout autre m\u00e9canisme qui alt\u00e8re la conception, la configuration originale ou le contenu du site.<\/p>\n<p>&nbsp;<\/p>\n<p>L&rsquo;utilisation du contenu doit respecter sa propre licence. Par cons\u00e9quent, son utilisation, sa reproduction, sa distribution, sa diffusion publique, sa transformation ou toute autre activit\u00e9 similaire ou analogue est strictement interdite, sauf autorisation pr\u00e9alable et expresse du propri\u00e9taire du site web.<\/p>\n<p>&nbsp;<\/p>\n<p>Seule la reproduction totale ou partielle des textes et contenus fournis par le site web est autoris\u00e9e, sous r\u00e9serve que chacune des conditions suivantes soit remplie:<\/p>\n<p>&nbsp;<\/p>\n<ul>\n<li>L&rsquo;int\u00e9grit\u00e9 du contenu, des documents ou des graphiques est pr\u00e9serv\u00e9e.<\/li>\n<li>Le propri\u00e9taire du site est express\u00e9ment cit\u00e9 comme \u00e9tant la source et l&rsquo;origine du contenu.<\/li>\n<li>La finalit\u00e9 et le but de cette utilisation sont compatibles avec les objectifs et\/ou l&rsquo;activit\u00e9 du propri\u00e9taire du site web.<\/li>\n<li>Il n&rsquo;est pas destin\u00e9 \u00e0 un usage commercial, par cons\u00e9quent sa distribution, sa diffusion publique, sa transformation ou sa d\u00e9compilation sont express\u00e9ment interdites. Toute autre utilisation doit \u00eatre pr\u00e9alablement et express\u00e9ment communiqu\u00e9e et autoris\u00e9e par le propri\u00e9taire du site web.<\/li>\n<\/ul>\n<p>&nbsp;<\/p>\n<p>En ce qui concerne les citations de produits et de services de tiers, le propri\u00e9taire du site web reconna\u00eet les droits de propri\u00e9t\u00e9 industrielle et intellectuelle correspondants en faveur de leurs propri\u00e9taires, et leur simple mention ou apparition sur le site web, le cas \u00e9ch\u00e9ant, n&rsquo;implique pas l&rsquo;existence de droits ou une quelconque responsabilit\u00e9 \u00e0 leur \u00e9gard, ni une quelconque approbation, parrainage ou recommandation.<\/p>\n<p>&nbsp;<\/p>\n<h2>RESPONSABILIT\u00c9<\/h2>\n<p>&nbsp;<\/p>\n<p>Le propri\u00e9taire du site web ne garantit pas l&rsquo;inexistence d&rsquo;erreurs dans l&rsquo;acc\u00e8s au site web, dans son contenu, ni sa mise \u00e0 jour, bien qu&rsquo;il fasse tout son possible pour les \u00e9viter, les corriger ou les mettre \u00e0 jour, le cas \u00e9ch\u00e9ant.<\/p>\n<p>&nbsp;<\/p>\n<p>L&rsquo;acc\u00e8s au site et l&rsquo;utilisation qui peut \u00eatre faite des informations qu&rsquo;il contient rel\u00e8vent de la responsabilit\u00e9 exclusive de l&rsquo;utilisateur.<\/p>\n<p>&nbsp;<\/p>\n<p>Le propri\u00e9taire du site web n&rsquo;est pas responsable des informations ni des contenus stock\u00e9s, notamment dans les forums, chats, blogs, commentaires, r\u00e9seaux sociaux ou tout autre moyen permettant \u00e0 des tiers de publier des contenus de mani\u00e8re ind\u00e9pendante sur le site web <a href=\"https:\/\/www.atlanticaagricola.com\">https:\/\/www.atlanticaagricola.com<\/a>.<\/p>\n<p>&nbsp;<\/p>\n<p>Toutefois, le propri\u00e9taire du site est \u00e0 la disposition de tous les utilisateurs, des autorit\u00e9s et des forces de s\u00e9curit\u00e9, et collaborera activement \u00e0 la suppression ou au blocage de tout contenu susceptible d&rsquo;affecter ou de contrevenir \u00e0 la l\u00e9gislation nationale ou internationale, aux droits des tiers, aux principes \u00e9thiques commun\u00e9ment admis ou \u00e0 l&rsquo;ordre public.<\/p>\n<p>&nbsp;<\/p>\n<h2>LIENS OU HYPERLIENS<\/h2>\n<p>&nbsp;<\/p>\n<p>Les liens pr\u00e9sents sur notre site web peuvent conduire \u00e0 des contenus web de tiers. Ces liens ont pour seul but de faciliter la recherche de ressources susceptibles d&rsquo;int\u00e9resser l&rsquo;utilisateur. Toutefois, ces pages web n&rsquo;appartiennent pas au propri\u00e9taire du site web, et celui-ci n&rsquo;en v\u00e9rifie pas le contenu. Par cons\u00e9quent, le propri\u00e9taire du site web n&rsquo;assume aucune responsabilit\u00e9 quant au contenu, aux informations ou aux services pouvant figurer sur ces sites web, qui ont un caract\u00e8re purement informatif et n&rsquo;impliquent en aucun cas une relation entre le propri\u00e9taire du site web et les personnes ou entit\u00e9s propri\u00e9taires de ces contenus ou les propri\u00e9taires des autres sites o\u00f9 ils se trouvent. Le propri\u00e9taire du site ne peut pas non plus \u00eatre tenu responsable du fonctionnement du site li\u00e9 ou de tout dommage pouvant r\u00e9sulter de son acc\u00e8s ou de son utilisation.<\/p>\n<p>&nbsp;<\/p>\n<p>Les liens vers le site <a href=\"https:\/\/www.atlanticaagricola.com\">https:\/\/www.atlanticaagricola.com<\/a>\u00a0devront respecter les conditions suivantes:<\/p>\n<p>&nbsp;<\/p>\n<ul>\n<li>La cr\u00e9ation du lien n&rsquo;implique aucun type d&rsquo;accord, de contrat, de parrainage ou de recommandation de la part du ATL\u00c1NTICA AGR\u00cdCOLA \u00e0 l&rsquo;\u00e9gard du site Web qui fournit le lien.<\/li>\n<li>Le site web sur lequel est \u00e9tabli l&rsquo;hyperlien ne doit pas contenir d&rsquo;informations \u00e0 caract\u00e8re ill\u00e9gal, discriminatoire, contraire aux principes \u00e9thiques commun\u00e9ment admis ou contraire \u00e0 l&rsquo;ordre public, ni de contenus portant atteinte aux droits des tiers.<\/li>\n<li>Le propri\u00e9taire du site web peut demander la suppression d&rsquo;un lien sans donner de raison. Dans ce cas, le propri\u00e9taire de la page web qui a cr\u00e9\u00e9 le lien doit proc\u00e9der \u00e0 sa suppression imm\u00e9diate, d\u00e8s qu&rsquo;il re\u00e7oit la notification du propri\u00e9taire du site web.<\/li>\n<li>Le propri\u00e9taire du site n&rsquo;assume aucune responsabilit\u00e9 et ne garantit pas la clart\u00e9, l&rsquo;exactitude, la fiabilit\u00e9, la correction ou la moralit\u00e9 des contenus ou des services que l&rsquo;\u00e9tablissement de l&rsquo;hyperlien peut proposer. L&rsquo;utilisateur assume l&rsquo;enti\u00e8re responsabilit\u00e9 des cons\u00e9quences, des dommages ou des actions qui pourraient r\u00e9sulter de l&rsquo;acc\u00e8s au site web hyperli\u00e9.<\/li>\n<li>La page web sur laquelle est \u00e9tabli l&rsquo;hyperlien ne peut contenir aucune marque, nom, logo, slogan ou autres signes distinctifs appartenant au propri\u00e9taire du site web, \u00e0 l&rsquo;exception des signes qui font partie de l&rsquo;hyperlien lui-m\u00eame.<\/li>\n<\/ul>\n<p>&nbsp;<\/p>\n<h2>PROTECTION DES DONN\u00c9ES PERSONNELLES<\/h2>\n<p>&nbsp;<\/p>\n<p>Dans le cas o\u00f9 des donn\u00e9es personnelles sont collect\u00e9es, trait\u00e9es ou stock\u00e9es, cela se fera conform\u00e9ment \u00e0 la politique de confidentialit\u00e9 publi\u00e9e sur le site web, qui peut \u00eatre consult\u00e9e dans le pied de page du site web.<\/p>\n<p>&nbsp;<\/p>\n<h2>LOI APPLICABLE ET JURIDICTION<\/h2>\n<p>&nbsp;<\/p>\n<p>La loi applicable en cas de litige ou de conflit d&rsquo;interpr\u00e9tation des termes qui composent le pr\u00e9sent avis juridique, ainsi que de toute question li\u00e9e aux services de ce site web, sera la loi espagnole.<\/p>\n<p>&nbsp;<\/p>\n<p>Pour la r\u00e9solution de tout conflit pouvant survenir \u00e0 l&rsquo;occasion de la visite du site web ou de l&rsquo;utilisation des services qui peuvent y \u00eatre propos\u00e9s, le propri\u00e9taire du site web et l&rsquo;utilisateur acceptent de se soumettre aux Cours et Tribunaux du domicile de ce dernier, \u00e0 condition que ce dernier soit situ\u00e9 sur le territoire espagnol et qu&rsquo;il agisse en tant que consommateur. Dans le cas contraire, la soumission se fera aupr\u00e8s des cours et tribunaux de la ville d&rsquo;Alicante, en Espagne.<\/p>\n","protected":false},"excerpt":{"rendered":"<p>Mentions le\u0301gales &nbsp; Conform\u00e9ment aux dispositions de la loi 34\/2002 du 11 juillet, relative aux services de la soci\u00e9t\u00e9 de l&rsquo;information et au commerce \u00e9lectronique (LSSICE), ainsi qu&rsquo;\u00e0 la r\u00e9glementation applicable au Honduras, nous vous informons des aspects juridiques suivants: &nbsp; PROPRI\u00c9T\u00c9 DU SITE WEB Propri\u00e9taire du site web: ATL\u00c1NTICA AGR\u00cdCOLA, S.A. (en adelante, ATL\u00c1NTICA [&hellip;]<\/p>\n","protected":false},"author":4,"featured_media":0,"parent":0,"menu_order":0,"comment_status":"closed","ping_status":"closed","template":"politica_privacidad.php","meta":{"_acf_changed":false,"inline_featured_image":false,"footnotes":""},"class_list":["post-4127","page","type-page","status-publish","hentry"],"acf":[],"yoast_head":"<!-- This site is optimized with the Yoast SEO plugin v26.6 - https:\/\/yoast.com\/wordpress\/plugins\/seo\/ -->\n<title>Mentions le\u0301gales - Atlantica<\/title>\n<meta name=\"robots\" content=\"index, follow, max-snippet:-1, max-image-preview:large, max-video-preview:-1\" \/>\n<link rel=\"canonical\" href=\"https:\/\/www.atlanticaagricola.com\/fr\/mentions-legales\/\" \/>\n<meta property=\"og:locale\" content=\"fr_FR\" \/>\n<meta property=\"og:type\" content=\"article\" \/>\n<meta property=\"og:title\" content=\"Mentions le\u0301gales - Atlantica\" \/>\n<meta property=\"og:description\" content=\"Mentions le\u0301gales &nbsp; Conform\u00e9ment aux dispositions de la loi 34\/2002 du 11 juillet, relative aux services de la soci\u00e9t\u00e9 de l&rsquo;information et au commerce \u00e9lectronique (LSSICE), ainsi qu&rsquo;\u00e0 la r\u00e9glementation applicable au Honduras, nous vous informons des aspects juridiques suivants: &nbsp; PROPRI\u00c9T\u00c9 DU SITE WEB Propri\u00e9taire du site web: ATL\u00c1NTICA AGR\u00cdCOLA, S.A. (en adelante, ATL\u00c1NTICA [&hellip;]\" \/>\n<meta property=\"og:url\" content=\"https:\/\/www.atlanticaagricola.com\/fr\/mentions-legales\/\" \/>\n<meta property=\"og:site_name\" content=\"Atlantica\" \/>\n<meta property=\"article:publisher\" content=\"https:\/\/www.facebook.com\/atlanticaagricolaoficial\" \/>\n<meta property=\"article:modified_time\" content=\"2022-09-15T08:15:24+00:00\" \/>\n<meta property=\"og:image\" content=\"https:\/\/www.atlanticaagricola.com\/wp-content\/uploads\/logo-grupo-atlantica-575-1.jpg\" \/>\n\t<meta property=\"og:image:width\" content=\"774\" \/>\n\t<meta property=\"og:image:height\" content=\"373\" \/>\n\t<meta property=\"og:image:type\" content=\"image\/jpeg\" \/>\n<meta name=\"twitter:card\" content=\"summary_large_image\" \/>\n<meta name=\"twitter:site\" content=\"@atlanticaagri\" \/>\n<meta name=\"twitter:label1\" content=\"Dur\u00e9e de lecture estim\u00e9e\" \/>\n\t<meta name=\"twitter:data1\" content=\"7 minutes\" \/>\n<script type=\"application\/ld+json\" class=\"yoast-schema-graph\">{\"@context\":\"https:\/\/schema.org\",\"@graph\":[{\"@type\":\"WebPage\",\"@id\":\"https:\/\/www.atlanticaagricola.com\/fr\/mentions-legales\/\",\"url\":\"https:\/\/www.atlanticaagricola.com\/fr\/mentions-legales\/\",\"name\":\"Mentions le\u0301gales - Atlantica\",\"isPartOf\":{\"@id\":\"https:\/\/www.atlanticaagricola.com\/fr\/#website\"},\"datePublished\":\"2022-06-29T11:22:57+00:00\",\"dateModified\":\"2022-09-15T08:15:24+00:00\",\"breadcrumb\":{\"@id\":\"https:\/\/www.atlanticaagricola.com\/fr\/mentions-legales\/#breadcrumb\"},\"inLanguage\":\"fr-FR\",\"potentialAction\":[{\"@type\":\"ReadAction\",\"target\":[\"https:\/\/www.atlanticaagricola.com\/fr\/mentions-legales\/\"]}]},{\"@type\":\"BreadcrumbList\",\"@id\":\"https:\/\/www.atlanticaagricola.com\/fr\/mentions-legales\/#breadcrumb\",\"itemListElement\":[{\"@type\":\"ListItem\",\"position\":1,\"name\":\"Home\",\"item\":\"https:\/\/www.atlanticaagricola.com\/fr\/\"},{\"@type\":\"ListItem\",\"position\":2,\"name\":\"Mentions le\u0301gales\"}]},{\"@type\":\"WebSite\",\"@id\":\"https:\/\/www.atlanticaagricola.com\/fr\/#website\",\"url\":\"https:\/\/www.atlanticaagricola.com\/fr\/\",\"name\":\"Atlantica\",\"description\":\"Empresa fabricante de productos agr\u00edcolas para grandes explotaciones\",\"publisher\":{\"@id\":\"https:\/\/www.atlanticaagricola.com\/fr\/#organization\"},\"alternateName\":\"Atl\u00e1ntica Agr\u00edcola\",\"potentialAction\":[{\"@type\":\"SearchAction\",\"target\":{\"@type\":\"EntryPoint\",\"urlTemplate\":\"https:\/\/www.atlanticaagricola.com\/fr\/?s={search_term_string}\"},\"query-input\":{\"@type\":\"PropertyValueSpecification\",\"valueRequired\":true,\"valueName\":\"search_term_string\"}}],\"inLanguage\":\"fr-FR\"},{\"@type\":\"Organization\",\"@id\":\"https:\/\/www.atlanticaagricola.com\/fr\/#organization\",\"name\":\"Atl\u00e1ntica Agr\u00edcola\",\"alternateName\":\"AtlanticaAgricola\",\"url\":\"https:\/\/www.atlanticaagricola.com\/fr\/\",\"logo\":{\"@type\":\"ImageObject\",\"inLanguage\":\"fr-FR\",\"@id\":\"https:\/\/www.atlanticaagricola.com\/fr\/#\/schema\/logo\/image\/\",\"url\":\"https:\/\/www.atlanticaagricola.com\/wp-content\/uploads\/bg_64_logo-atlantica-1.jpg\",\"contentUrl\":\"https:\/\/www.atlanticaagricola.com\/wp-content\/uploads\/bg_64_logo-atlantica-1.jpg\",\"width\":800,\"height\":565,\"caption\":\"Atl\u00e1ntica Agr\u00edcola\"},\"image\":{\"@id\":\"https:\/\/www.atlanticaagricola.com\/fr\/#\/schema\/logo\/image\/\"},\"sameAs\":[\"https:\/\/www.facebook.com\/atlanticaagricolaoficial\",\"https:\/\/x.com\/atlanticaagri\",\"https:\/\/www.instagram.com\/atlanticaagricola\/\",\"https:\/\/www.linkedin.com\/company\/atl\u00e1ntica-agr\u00edcola\/\"]}]}<\/script>\n<!-- \/ Yoast SEO plugin. -->","yoast_head_json":{"title":"Mentions le\u0301gales - Atlantica","robots":{"index":"index","follow":"follow","max-snippet":"max-snippet:-1","max-image-preview":"max-image-preview:large","max-video-preview":"max-video-preview:-1"},"canonical":"https:\/\/www.atlanticaagricola.com\/fr\/mentions-legales\/","og_locale":"fr_FR","og_type":"article","og_title":"Mentions le\u0301gales - Atlantica","og_description":"Mentions le\u0301gales &nbsp; Conform\u00e9ment aux dispositions de la loi 34\/2002 du 11 juillet, relative aux services de la soci\u00e9t\u00e9 de l&rsquo;information et au commerce \u00e9lectronique (LSSICE), ainsi qu&rsquo;\u00e0 la r\u00e9glementation applicable au Honduras, nous vous informons des aspects juridiques suivants: &nbsp; PROPRI\u00c9T\u00c9 DU SITE WEB Propri\u00e9taire du site web: ATL\u00c1NTICA AGR\u00cdCOLA, S.A. (en adelante, ATL\u00c1NTICA [&hellip;]","og_url":"https:\/\/www.atlanticaagricola.com\/fr\/mentions-legales\/","og_site_name":"Atlantica","article_publisher":"https:\/\/www.facebook.com\/atlanticaagricolaoficial","article_modified_time":"2022-09-15T08:15:24+00:00","og_image":[{"width":774,"height":373,"url":"https:\/\/www.atlanticaagricola.com\/wp-content\/uploads\/logo-grupo-atlantica-575-1.jpg","type":"image\/jpeg"}],"twitter_card":"summary_large_image","twitter_site":"@atlanticaagri","twitter_misc":{"Dur\u00e9e de lecture estim\u00e9e":"7 minutes"},"schema":{"@context":"https:\/\/schema.org","@graph":[{"@type":"WebPage","@id":"https:\/\/www.atlanticaagricola.com\/fr\/mentions-legales\/","url":"https:\/\/www.atlanticaagricola.com\/fr\/mentions-legales\/","name":"Mentions le\u0301gales - Atlantica","isPartOf":{"@id":"https:\/\/www.atlanticaagricola.com\/fr\/#website"},"datePublished":"2022-06-29T11:22:57+00:00","dateModified":"2022-09-15T08:15:24+00:00","breadcrumb":{"@id":"https:\/\/www.atlanticaagricola.com\/fr\/mentions-legales\/#breadcrumb"},"inLanguage":"fr-FR","potentialAction":[{"@type":"ReadAction","target":["https:\/\/www.atlanticaagricola.com\/fr\/mentions-legales\/"]}]},{"@type":"BreadcrumbList","@id":"https:\/\/www.atlanticaagricola.com\/fr\/mentions-legales\/#breadcrumb","itemListElement":[{"@type":"ListItem","position":1,"name":"Home","item":"https:\/\/www.atlanticaagricola.com\/fr\/"},{"@type":"ListItem","position":2,"name":"Mentions le\u0301gales"}]},{"@type":"WebSite","@id":"https:\/\/www.atlanticaagricola.com\/fr\/#website","url":"https:\/\/www.atlanticaagricola.com\/fr\/","name":"Atlantica","description":"Empresa fabricante de productos agr\u00edcolas para grandes explotaciones","publisher":{"@id":"https:\/\/www.atlanticaagricola.com\/fr\/#organization"},"alternateName":"Atl\u00e1ntica Agr\u00edcola","potentialAction":[{"@type":"SearchAction","target":{"@type":"EntryPoint","urlTemplate":"https:\/\/www.atlanticaagricola.com\/fr\/?s={search_term_string}"},"query-input":{"@type":"PropertyValueSpecification","valueRequired":true,"valueName":"search_term_string"}}],"inLanguage":"fr-FR"},{"@type":"Organization","@id":"https:\/\/www.atlanticaagricola.com\/fr\/#organization","name":"Atl\u00e1ntica Agr\u00edcola","alternateName":"AtlanticaAgricola","url":"https:\/\/www.atlanticaagricola.com\/fr\/","logo":{"@type":"ImageObject","inLanguage":"fr-FR","@id":"https:\/\/www.atlanticaagricola.com\/fr\/#\/schema\/logo\/image\/","url":"https:\/\/www.atlanticaagricola.com\/wp-content\/uploads\/bg_64_logo-atlantica-1.jpg","contentUrl":"https:\/\/www.atlanticaagricola.com\/wp-content\/uploads\/bg_64_logo-atlantica-1.jpg","width":800,"height":565,"caption":"Atl\u00e1ntica Agr\u00edcola"},"image":{"@id":"https:\/\/www.atlanticaagricola.com\/fr\/#\/schema\/logo\/image\/"},"sameAs":["https:\/\/www.facebook.com\/atlanticaagricolaoficial","https:\/\/x.com\/atlanticaagri","https:\/\/www.instagram.com\/atlanticaagricola\/","https:\/\/www.linkedin.com\/company\/atl\u00e1ntica-agr\u00edcola\/"]}]}},"_links":{"self":[{"href":"https:\/\/www.atlanticaagricola.com\/fr\/wp-json\/wp\/v2\/pages\/4127","targetHints":{"allow":["GET"]}}],"collection":[{"href":"https:\/\/www.atlanticaagricola.com\/fr\/wp-json\/wp\/v2\/pages"}],"about":[{"href":"https:\/\/www.atlanticaagricola.com\/fr\/wp-json\/wp\/v2\/types\/page"}],"author":[{"embeddable":true,"href":"https:\/\/www.atlanticaagricola.com\/fr\/wp-json\/wp\/v2\/users\/4"}],"replies":[{"embeddable":true,"href":"https:\/\/www.atlanticaagricola.com\/fr\/wp-json\/wp\/v2\/comments?post=4127"}],"version-history":[{"count":7,"href":"https:\/\/www.atlanticaagricola.com\/fr\/wp-json\/wp\/v2\/pages\/4127\/revisions"}],"predecessor-version":[{"id":5904,"href":"https:\/\/www.atlanticaagricola.com\/fr\/wp-json\/wp\/v2\/pages\/4127\/revisions\/5904"}],"wp:attachment":[{"href":"https:\/\/www.atlanticaagricola.com\/fr\/wp-json\/wp\/v2\/media?parent=4127"}],"curies":[{"name":"wp","href":"https:\/\/api.w.org\/{rel}","templated":true}]}}