{"id":4119,"date":"2022-06-29T11:33:25","date_gmt":"2022-06-29T11:33:25","guid":{"rendered":"https:\/\/atlanticaagricola.com\/politica-de-privacidad\/"},"modified":"2022-09-16T12:05:47","modified_gmt":"2022-09-16T12:05:47","slug":"politique-de-confidentialite","status":"publish","type":"page","link":"https:\/\/www.atlanticaagricola.com\/fr\/politique-de-confidentialite\/","title":{"rendered":"Politique de confidentialite"},"content":{"rendered":"<header class=\"breadcrumber\">\n<h1>Politique de confidentialite<\/h1>\n<h2>RESPONSABLES<\/h2>\n<\/header>\n<p>ATLANTICA AGRICOLA, S.A. &#8211; NIF A78135282<\/p>\n<p>&nbsp;<\/p>\n<p>C\/Corredera, 33 Entlo. &#8211; Villena (Alicante), Espagne<\/p>\n<p>&nbsp;<\/p>\n<p><u>protecciondedatos<\/u><a href=\"mailto:info@atlanticaagricola.com\">@atlanticaagricola.com<\/a><\/p>\n<p>&nbsp;<\/p>\n<p>Tel.965800358<\/p>\n<p>&nbsp;<\/p>\n<p><a href=\"https:\/\/www.atlanticaagricola.com\/\">https:\/\/www.atlanticaagricola.com<\/a><\/p>\n<p>&nbsp;<\/p>\n<h2>OBJECTIFS<\/h2>\n<p><strong>FORMULAIRE DE GESTION DES CONTACTS\u00a0:<\/strong> Gestion et contact avec les utilisateurs. R\u00e9ponse aux demandes d&rsquo;information par le biais du formulaire web.<\/p>\n<p>&nbsp;<\/p>\n<p><strong>VID\u00c9OSURVEILLANCE\u00a0:<\/strong> Assurer la s\u00e9curit\u00e9 des personnes, des biens et des installations.<\/p>\n<p>&nbsp;<\/p>\n<p><strong>MESSAGERIE INSTANTAN\u00c9E\u00a0:<\/strong> Communications commerciales.<\/p>\n<p>&nbsp;<\/p>\n<p><strong>GESTION DES VISITES\u00a0:<\/strong> Gestion et contr\u00f4le des visites du personnel de l&rsquo;entreprise. Assurer la s\u00e9curit\u00e9 des personnes, des biens et des installations.<\/p>\n<p>&nbsp;<\/p>\n<p><strong>NEWSLETTER :<\/strong> Gestion de l&rsquo;abonnement \u00e0 notre newsletter.<\/p>\n<p>&nbsp;<\/p>\n<h2>L\u00c9GITIMIT\u00c9<\/h2>\n<p><strong>FORMULAIRE DE GESTION DES CONTACTS\u00a0:<\/strong> Consentement explicite de la personne concern\u00e9e.<\/p>\n<p>&nbsp;<\/p>\n<p><strong>VID\u00c9OSURVEILLANCE\u00a0:<\/strong> Accomplissement d&rsquo;une mission d&rsquo;int\u00e9r\u00eat public.<\/p>\n<p>&nbsp;<\/p>\n<p><strong>MESSAGERIE INSTANTAN\u00c9E\u00a0:<\/strong> Consentement explicite de la personne concern\u00e9e.<\/p>\n<p>&nbsp;<\/p>\n<p><strong>GESTION DES VISITES\u00a0:<\/strong> Int\u00e9r\u00eat l\u00e9gitime du Responsable du traitement ou de tiers.<\/p>\n<p>&nbsp;<\/p>\n<p><strong>NEWSLETTER:<\/strong> Consentement explicite de la personne concern\u00e9e.<\/p>\n<p>&nbsp;<\/p>\n<h2>BIEN-FOND\u00c9<\/h2>\n<p><strong>GESTION DES CONTACTS <\/strong><strong>FORMULAIRE WEB :<\/strong> L&rsquo;int\u00e9ress\u00e9 lui-m\u00eame ou son repr\u00e9sentant l\u00e9gal.<\/p>\n<p>&nbsp;<\/p>\n<p><strong>VID\u00c9OSURVEILLANCE\u00a0:<\/strong> L&rsquo;int\u00e9ress\u00e9 lui-m\u00eame ou son repr\u00e9sentant l\u00e9gal.<\/p>\n<p>&nbsp;<\/p>\n<p><strong>MESSAGERIE INSTANTAN\u00c9E\u00a0:<\/strong> L&rsquo;int\u00e9ress\u00e9 lui-m\u00eame ou son repr\u00e9sentant l\u00e9gal.<\/p>\n<p>&nbsp;<\/p>\n<p><strong>GESTION DES VISITES\u00a0:<\/strong> L&rsquo;int\u00e9ress\u00e9 lui-m\u00eame ou son repr\u00e9sentant l\u00e9gal.<\/p>\n<p>&nbsp;<\/p>\n<p><strong>NEWSLETTER:<\/strong> L&rsquo;int\u00e9ress\u00e9 lui-m\u00eame ou son repr\u00e9sentant l\u00e9gal.<\/p>\n<p>&nbsp;<\/p>\n<h2>TYPES DE DONN\u00c9ES TRAIT\u00c9ES<\/h2>\n<p><strong>CONTACTS FORMULAIRE WEB :<\/strong><\/p>\n<p>Nom et pr\u00e9nom<\/p>\n<p>Adresse \u00e9lectronique<\/p>\n<p>T\u00e9l\u00e9phone<\/p>\n<p><strong>\u00a0<\/strong><\/p>\n<p><strong>VID\u00c9OSURVEILLANCE<\/strong><\/p>\n<p>Image<\/p>\n<p><strong>\u00a0<\/strong><\/p>\n<p><strong>MESSAGERIE INSTANTAN\u00c9E<\/strong><\/p>\n<p>Nom et pr\u00e9nom<\/p>\n<p>T\u00e9l\u00e9phone<\/p>\n<p><strong>\u00a0<\/strong><\/p>\n<p><strong>GESTION DES VISITES<\/strong><\/p>\n<p>Nom et pr\u00e9nom<\/p>\n<p>NIF \/ NIE \/ Passeport<\/p>\n<p>Signature manuscrite<\/p>\n<p>&nbsp;<\/p>\n<p><strong>NEWSLETTER<\/strong><\/p>\n<p>Nom et pr\u00e9nom<\/p>\n<p>Adresse \u00e9lectronique<\/p>\n<p>T\u00e9l\u00e9phone<\/p>\n<p>&nbsp;<\/p>\n<h2>DUR\u00c9E DE CONSERVATION<\/h2>\n<p><strong>GESTION DES CONTACTS\u00a0 FORMULAIRE\u00a0:<\/strong> Les donn\u00e9es seront conserv\u00e9es aussi longtemps que la relation commerciale sera maintenue.<\/p>\n<p>&nbsp;<\/p>\n<p><strong>VID\u00c9OSURVEILLANCE :\u00a0<\/strong>Les images seront conserv\u00e9es pendant une p\u00e9riode maximale d\u2019un mois, sauf si elles sont communiqu\u00e9es aux forces et organismes de s\u00e9curit\u00e9, ou\/et aux Cours et Tribunaux.<\/p>\n<p>&nbsp;<\/p>\n<p><strong>MESSAGERIE INSTANTAN\u00c9E :\u00a0<\/strong>Les donn\u00e9es seront conserv\u00e9es tant que leur suppression ne sera pas demand\u00e9e par la personne concern\u00e9e.<\/p>\n<p>&nbsp;<\/p>\n<p><strong>GESTION DES VISITES :\u00a0<\/strong>Les donn\u00e9es seront conserv\u00e9es pendant une p\u00e9riode maximale d\u2019un an, sauf si elles sont communiqu\u00e9es aux forces et organismes de s\u00e9curit\u00e9 et\/ou aux Cours et Tribunaux.<\/p>\n<p>&nbsp;<\/p>\n<p><strong>NEWSLETTER :<\/strong> Les donn\u00e9es seront conserv\u00e9es tant que la personne concern\u00e9e ne demandera pas leur suppression.<\/p>\n<p>&nbsp;<\/p>\n<h2>DESTINATAIRES<\/h2>\n<p>Aucune donn\u00e9e ne sera transmise \u00e0 des tiers, sauf en cas d&rsquo;obligation l\u00e9gale.<\/p>\n<p>&nbsp;<\/p>\n<h2>TRANSFERTS INTERNATIONAUX<\/h2>\n<p>Aucun transfert international de donn\u00e9es<\/p>\n<p>&nbsp;<\/p>\n<h2>MESURES DE S\u00c9CURIT\u00c9<\/h2>\n<p>Notre entit\u00e9 ou groupe de soci\u00e9t\u00e9s adopte les mesures organisationnelles et techniques n\u00e9cessaires pour garantir la s\u00e9curit\u00e9 et la confidentialit\u00e9 de vos donn\u00e9es, pour \u00e9viter leur alt\u00e9ration, leur perte, leur traitement ou leur acc\u00e8s non autoris\u00e9, en fonction de l&rsquo;\u00e9tat de la technologie, de la nature des donn\u00e9es stock\u00e9es et des risques auxquels elles sont expos\u00e9es.<\/p>\n<p>&nbsp;<\/p>\n<p>Il convient de souligner, entre autres, les mesures suivantes:<\/p>\n<ul>\n<li>Garantir la confidentialit\u00e9, l&rsquo;int\u00e9grit\u00e9, la disponibilit\u00e9 et la r\u00e9silience permanentes des syst\u00e8mes et services de traitement.<\/li>\n<li>R\u00e9tablir rapidement la disponibilit\u00e9 et l&rsquo;acc\u00e8s aux donn\u00e9es personnelles en cas d&rsquo;incident physique ou technique.<\/li>\n<li>V\u00e9rifier, \u00e9valuer et appr\u00e9cier r\u00e9guli\u00e8rement l&rsquo;efficacit\u00e9 des mesures techniques et organisationnelles mises en \u0153uvre pour assurer la s\u00e9curit\u00e9 du traitement.<\/li>\n<\/ul>\n<p>&nbsp;<\/p>\n<h2>DROITS DES PARTIES CONCERN\u00c9ES<\/h2>\n<p>La personne concern\u00e9e peut exercer ses droits d&rsquo;acc\u00e8s, de rectification, d&rsquo;effacement, de portabilit\u00e9, de restriction, d&rsquo;opposition et le droit de ne pas faire l&rsquo;objet de d\u00e9cisions individuelles automatis\u00e9es.<\/p>\n<p>&nbsp;<\/p>\n<p>Vous pouvez exercer vos droits en envoyant une demande au responsable du traitement des donn\u00e9es \u00e0 ATL\u00c1NTICA AGR\u00cdCOLA, S.A. par les moyens suivants:<\/p>\n<p>&nbsp;<\/p>\n<p>Par courrier, en envoyant une lettre \u00e0 C\/Corredera, 33 Entlo. 03400, Villena (Alicante), Espa\u00f1a<\/p>\n<p>&nbsp;<\/p>\n<p>Par voie \u00e9lectronique via le courrier \u00e9lectronique: <a href=\"mailto:protecciondedatos@atlanticaagricola.com\">protecciondedatos@atlanticaagricola.com<\/a><\/p>\n<p>&nbsp;<\/p>\n<p>Vous avez \u00e9galement le droit d&rsquo;introduire une plainte aupr\u00e8s de l&rsquo;autorit\u00e9 de surveillance dont les coordonn\u00e9es sont indiqu\u00e9es ci-dessous:<\/p>\n<p>&nbsp;<\/p>\n<p>Agence espagnole de protection des donn\u00e9es<\/p>\n<p>C\/. Jorge Juan, 6. 28001, Madrid (Madrid), Espagne<\/p>\n<p>info@agpd.es &#8211; Tel\u00e9fono: 912663517<\/p>\n<p>https:\/\/www.agpd.es<\/p>\n<p>&nbsp;<\/p>\n<h2>R\u00c9GLEMENTATION APPLICABLE<\/h2>\n<ul>\n<li>R\u00e8glement (UE) 2016\/679 relatif \u00e0 la protection des personnes physiques \u00e0 l&rsquo;\u00e9gard du traitement des donn\u00e9es \u00e0 caract\u00e8re personnel et \u00e0 la libre circulation de ces donn\u00e9es (GDPR)<\/li>\n<li>Loi organique 3\/2018 relative \u00e0 la protection des donn\u00e9es personnelles et \u00e0 la garantie des droits num\u00e9riques (LOPDGDD)<\/li>\n<li>R\u00e9glementation applicable au Honduras.<\/li>\n<\/ul>\n","protected":false},"excerpt":{"rendered":"<p>Politique de confidentialite RESPONSABLES ATLANTICA AGRICOLA, S.A. &#8211; NIF A78135282 &nbsp; C\/Corredera, 33 Entlo. &#8211; Villena (Alicante), Espagne &nbsp; protecciondedatos@atlanticaagricola.com &nbsp; Tel.965800358 &nbsp; https:\/\/www.atlanticaagricola.com &nbsp; OBJECTIFS FORMULAIRE DE GESTION DES CONTACTS\u00a0: Gestion et contact avec les utilisateurs. R\u00e9ponse aux demandes d&rsquo;information par le biais du formulaire web. &nbsp; VID\u00c9OSURVEILLANCE\u00a0: Assurer la s\u00e9curit\u00e9 des personnes, des [&hellip;]<\/p>\n","protected":false},"author":4,"featured_media":0,"parent":0,"menu_order":0,"comment_status":"closed","ping_status":"closed","template":"politica_privacidad.php","meta":{"_acf_changed":false,"inline_featured_image":false,"footnotes":""},"class_list":["post-4119","page","type-page","status-publish","hentry"],"acf":[],"yoast_head":"<!-- This site is optimized with the Yoast SEO plugin v26.6 - https:\/\/yoast.com\/wordpress\/plugins\/seo\/ -->\n<title>Politique de confidentialite - Atlantica<\/title>\n<meta name=\"robots\" content=\"index, follow, max-snippet:-1, max-image-preview:large, max-video-preview:-1\" \/>\n<link rel=\"canonical\" href=\"https:\/\/www.atlanticaagricola.com\/fr\/politique-de-confidentialite\/\" \/>\n<meta property=\"og:locale\" content=\"fr_FR\" \/>\n<meta property=\"og:type\" content=\"article\" \/>\n<meta property=\"og:title\" content=\"Politique de confidentialite - Atlantica\" \/>\n<meta property=\"og:description\" content=\"Politique de confidentialite RESPONSABLES ATLANTICA AGRICOLA, S.A. &#8211; NIF A78135282 &nbsp; C\/Corredera, 33 Entlo. &#8211; Villena (Alicante), Espagne &nbsp; protecciondedatos@atlanticaagricola.com &nbsp; Tel.965800358 &nbsp; https:\/\/www.atlanticaagricola.com &nbsp; OBJECTIFS FORMULAIRE DE GESTION DES CONTACTS\u00a0: Gestion et contact avec les utilisateurs. R\u00e9ponse aux demandes d&rsquo;information par le biais du formulaire web. &nbsp; VID\u00c9OSURVEILLANCE\u00a0: Assurer la s\u00e9curit\u00e9 des personnes, des [&hellip;]\" \/>\n<meta property=\"og:url\" content=\"https:\/\/www.atlanticaagricola.com\/fr\/politique-de-confidentialite\/\" \/>\n<meta property=\"og:site_name\" content=\"Atlantica\" \/>\n<meta property=\"article:publisher\" content=\"https:\/\/www.facebook.com\/atlanticaagricolaoficial\" \/>\n<meta property=\"article:modified_time\" content=\"2022-09-16T12:05:47+00:00\" \/>\n<meta property=\"og:image\" content=\"https:\/\/www.atlanticaagricola.com\/wp-content\/uploads\/logo-grupo-atlantica-575-1.jpg\" \/>\n\t<meta property=\"og:image:width\" content=\"774\" \/>\n\t<meta property=\"og:image:height\" content=\"373\" \/>\n\t<meta property=\"og:image:type\" content=\"image\/jpeg\" \/>\n<meta name=\"twitter:card\" content=\"summary_large_image\" \/>\n<meta name=\"twitter:site\" content=\"@atlanticaagri\" \/>\n<meta name=\"twitter:label1\" content=\"Dur\u00e9e de lecture estim\u00e9e\" \/>\n\t<meta name=\"twitter:data1\" content=\"3 minutes\" \/>\n<script type=\"application\/ld+json\" class=\"yoast-schema-graph\">{\"@context\":\"https:\/\/schema.org\",\"@graph\":[{\"@type\":\"WebPage\",\"@id\":\"https:\/\/www.atlanticaagricola.com\/fr\/politique-de-confidentialite\/\",\"url\":\"https:\/\/www.atlanticaagricola.com\/fr\/politique-de-confidentialite\/\",\"name\":\"Politique de confidentialite - Atlantica\",\"isPartOf\":{\"@id\":\"https:\/\/www.atlanticaagricola.com\/fr\/#website\"},\"datePublished\":\"2022-06-29T11:33:25+00:00\",\"dateModified\":\"2022-09-16T12:05:47+00:00\",\"breadcrumb\":{\"@id\":\"https:\/\/www.atlanticaagricola.com\/fr\/politique-de-confidentialite\/#breadcrumb\"},\"inLanguage\":\"fr-FR\",\"potentialAction\":[{\"@type\":\"ReadAction\",\"target\":[\"https:\/\/www.atlanticaagricola.com\/fr\/politique-de-confidentialite\/\"]}]},{\"@type\":\"BreadcrumbList\",\"@id\":\"https:\/\/www.atlanticaagricola.com\/fr\/politique-de-confidentialite\/#breadcrumb\",\"itemListElement\":[{\"@type\":\"ListItem\",\"position\":1,\"name\":\"Home\",\"item\":\"https:\/\/www.atlanticaagricola.com\/fr\/\"},{\"@type\":\"ListItem\",\"position\":2,\"name\":\"Politique de confidentialite\"}]},{\"@type\":\"WebSite\",\"@id\":\"https:\/\/www.atlanticaagricola.com\/fr\/#website\",\"url\":\"https:\/\/www.atlanticaagricola.com\/fr\/\",\"name\":\"Atlantica\",\"description\":\"Empresa fabricante de productos agr\u00edcolas para grandes explotaciones\",\"publisher\":{\"@id\":\"https:\/\/www.atlanticaagricola.com\/fr\/#organization\"},\"alternateName\":\"Atl\u00e1ntica Agr\u00edcola\",\"potentialAction\":[{\"@type\":\"SearchAction\",\"target\":{\"@type\":\"EntryPoint\",\"urlTemplate\":\"https:\/\/www.atlanticaagricola.com\/fr\/?s={search_term_string}\"},\"query-input\":{\"@type\":\"PropertyValueSpecification\",\"valueRequired\":true,\"valueName\":\"search_term_string\"}}],\"inLanguage\":\"fr-FR\"},{\"@type\":\"Organization\",\"@id\":\"https:\/\/www.atlanticaagricola.com\/fr\/#organization\",\"name\":\"Atl\u00e1ntica Agr\u00edcola\",\"alternateName\":\"AtlanticaAgricola\",\"url\":\"https:\/\/www.atlanticaagricola.com\/fr\/\",\"logo\":{\"@type\":\"ImageObject\",\"inLanguage\":\"fr-FR\",\"@id\":\"https:\/\/www.atlanticaagricola.com\/fr\/#\/schema\/logo\/image\/\",\"url\":\"https:\/\/www.atlanticaagricola.com\/wp-content\/uploads\/bg_64_logo-atlantica-1.jpg\",\"contentUrl\":\"https:\/\/www.atlanticaagricola.com\/wp-content\/uploads\/bg_64_logo-atlantica-1.jpg\",\"width\":800,\"height\":565,\"caption\":\"Atl\u00e1ntica Agr\u00edcola\"},\"image\":{\"@id\":\"https:\/\/www.atlanticaagricola.com\/fr\/#\/schema\/logo\/image\/\"},\"sameAs\":[\"https:\/\/www.facebook.com\/atlanticaagricolaoficial\",\"https:\/\/x.com\/atlanticaagri\",\"https:\/\/www.instagram.com\/atlanticaagricola\/\",\"https:\/\/www.linkedin.com\/company\/atl\u00e1ntica-agr\u00edcola\/\"]}]}<\/script>\n<!-- \/ Yoast SEO plugin. -->","yoast_head_json":{"title":"Politique de confidentialite - Atlantica","robots":{"index":"index","follow":"follow","max-snippet":"max-snippet:-1","max-image-preview":"max-image-preview:large","max-video-preview":"max-video-preview:-1"},"canonical":"https:\/\/www.atlanticaagricola.com\/fr\/politique-de-confidentialite\/","og_locale":"fr_FR","og_type":"article","og_title":"Politique de confidentialite - Atlantica","og_description":"Politique de confidentialite RESPONSABLES ATLANTICA AGRICOLA, S.A. &#8211; NIF A78135282 &nbsp; C\/Corredera, 33 Entlo. &#8211; Villena (Alicante), Espagne &nbsp; protecciondedatos@atlanticaagricola.com &nbsp; Tel.965800358 &nbsp; https:\/\/www.atlanticaagricola.com &nbsp; OBJECTIFS FORMULAIRE DE GESTION DES CONTACTS\u00a0: Gestion et contact avec les utilisateurs. R\u00e9ponse aux demandes d&rsquo;information par le biais du formulaire web. &nbsp; VID\u00c9OSURVEILLANCE\u00a0: Assurer la s\u00e9curit\u00e9 des personnes, des [&hellip;]","og_url":"https:\/\/www.atlanticaagricola.com\/fr\/politique-de-confidentialite\/","og_site_name":"Atlantica","article_publisher":"https:\/\/www.facebook.com\/atlanticaagricolaoficial","article_modified_time":"2022-09-16T12:05:47+00:00","og_image":[{"width":774,"height":373,"url":"https:\/\/www.atlanticaagricola.com\/wp-content\/uploads\/logo-grupo-atlantica-575-1.jpg","type":"image\/jpeg"}],"twitter_card":"summary_large_image","twitter_site":"@atlanticaagri","twitter_misc":{"Dur\u00e9e de lecture estim\u00e9e":"3 minutes"},"schema":{"@context":"https:\/\/schema.org","@graph":[{"@type":"WebPage","@id":"https:\/\/www.atlanticaagricola.com\/fr\/politique-de-confidentialite\/","url":"https:\/\/www.atlanticaagricola.com\/fr\/politique-de-confidentialite\/","name":"Politique de confidentialite - Atlantica","isPartOf":{"@id":"https:\/\/www.atlanticaagricola.com\/fr\/#website"},"datePublished":"2022-06-29T11:33:25+00:00","dateModified":"2022-09-16T12:05:47+00:00","breadcrumb":{"@id":"https:\/\/www.atlanticaagricola.com\/fr\/politique-de-confidentialite\/#breadcrumb"},"inLanguage":"fr-FR","potentialAction":[{"@type":"ReadAction","target":["https:\/\/www.atlanticaagricola.com\/fr\/politique-de-confidentialite\/"]}]},{"@type":"BreadcrumbList","@id":"https:\/\/www.atlanticaagricola.com\/fr\/politique-de-confidentialite\/#breadcrumb","itemListElement":[{"@type":"ListItem","position":1,"name":"Home","item":"https:\/\/www.atlanticaagricola.com\/fr\/"},{"@type":"ListItem","position":2,"name":"Politique de confidentialite"}]},{"@type":"WebSite","@id":"https:\/\/www.atlanticaagricola.com\/fr\/#website","url":"https:\/\/www.atlanticaagricola.com\/fr\/","name":"Atlantica","description":"Empresa fabricante de productos agr\u00edcolas para grandes explotaciones","publisher":{"@id":"https:\/\/www.atlanticaagricola.com\/fr\/#organization"},"alternateName":"Atl\u00e1ntica Agr\u00edcola","potentialAction":[{"@type":"SearchAction","target":{"@type":"EntryPoint","urlTemplate":"https:\/\/www.atlanticaagricola.com\/fr\/?s={search_term_string}"},"query-input":{"@type":"PropertyValueSpecification","valueRequired":true,"valueName":"search_term_string"}}],"inLanguage":"fr-FR"},{"@type":"Organization","@id":"https:\/\/www.atlanticaagricola.com\/fr\/#organization","name":"Atl\u00e1ntica Agr\u00edcola","alternateName":"AtlanticaAgricola","url":"https:\/\/www.atlanticaagricola.com\/fr\/","logo":{"@type":"ImageObject","inLanguage":"fr-FR","@id":"https:\/\/www.atlanticaagricola.com\/fr\/#\/schema\/logo\/image\/","url":"https:\/\/www.atlanticaagricola.com\/wp-content\/uploads\/bg_64_logo-atlantica-1.jpg","contentUrl":"https:\/\/www.atlanticaagricola.com\/wp-content\/uploads\/bg_64_logo-atlantica-1.jpg","width":800,"height":565,"caption":"Atl\u00e1ntica Agr\u00edcola"},"image":{"@id":"https:\/\/www.atlanticaagricola.com\/fr\/#\/schema\/logo\/image\/"},"sameAs":["https:\/\/www.facebook.com\/atlanticaagricolaoficial","https:\/\/x.com\/atlanticaagri","https:\/\/www.instagram.com\/atlanticaagricola\/","https:\/\/www.linkedin.com\/company\/atl\u00e1ntica-agr\u00edcola\/"]}]}},"_links":{"self":[{"href":"https:\/\/www.atlanticaagricola.com\/fr\/wp-json\/wp\/v2\/pages\/4119","targetHints":{"allow":["GET"]}}],"collection":[{"href":"https:\/\/www.atlanticaagricola.com\/fr\/wp-json\/wp\/v2\/pages"}],"about":[{"href":"https:\/\/www.atlanticaagricola.com\/fr\/wp-json\/wp\/v2\/types\/page"}],"author":[{"embeddable":true,"href":"https:\/\/www.atlanticaagricola.com\/fr\/wp-json\/wp\/v2\/users\/4"}],"replies":[{"embeddable":true,"href":"https:\/\/www.atlanticaagricola.com\/fr\/wp-json\/wp\/v2\/comments?post=4119"}],"version-history":[{"count":8,"href":"https:\/\/www.atlanticaagricola.com\/fr\/wp-json\/wp\/v2\/pages\/4119\/revisions"}],"predecessor-version":[{"id":6008,"href":"https:\/\/www.atlanticaagricola.com\/fr\/wp-json\/wp\/v2\/pages\/4119\/revisions\/6008"}],"wp:attachment":[{"href":"https:\/\/www.atlanticaagricola.com\/fr\/wp-json\/wp\/v2\/media?parent=4119"}],"curies":[{"name":"wp","href":"https:\/\/api.w.org\/{rel}","templated":true}]}}